{"id":2672,"date":"2025-02-28T11:45:08","date_gmt":"2025-02-28T10:45:08","guid":{"rendered":"https:\/\/www.gretemerlyn.com\/?post_type=product&#038;p=2672"},"modified":"2025-02-28T11:45:08","modified_gmt":"2025-02-28T10:45:08","slug":"top-10-life-goals","status":"publish","type":"product","link":"https:\/\/www.gretemerlyn.com\/it\/servizio\/top-10-life-goals\/","title":{"rendered":"10 obiettivi di vita PDF"},"content":{"rendered":"<p><strong><span data-preserver-spaces=\"true\">Istruzioni:<\/span><\/strong><\/p>\n<ol>\n<li><strong><span data-preserver-spaces=\"true\">Stampalo<\/span><\/strong><span data-preserver-spaces=\"true\"> fuori.<\/span><\/li>\n<li><span data-preserver-spaces=\"true\">Imposta il tuo <strong>obiettivo di longevit\u00e0<\/strong> (la rete arriva fino a 120 anni)<\/span><\/li>\n<li><span data-preserver-spaces=\"true\"><strong>Compilare i mesi<\/strong> che avete gi\u00e0 vissuto da quando siete nati e quelli che hanno senso per il vostro obiettivo di longevit\u00e0.<\/span><\/li>\n<li>Trovate un luogo tranquillo e riflettete per stabilire i 10 obiettivi pi\u00f9 importanti per la vostra vita. Suggerimenti:\n<ol>\n<li class=\"ql-indent-1\">Si pu\u00f2 fare un brainstorming nel diario o su un altro foglio di carta prima di <span data-preserver-spaces=\"true\">completamento<\/span> gli obiettivi.<\/li>\n<li>Guardate la vostra vita in questo piccolo arco di mesi e chiedetevi: come voglio che sia la mia vita? Cosa voglio raggiungere? Dove voglio investire il mio tempo? Che cosa \u00e8 importante per me?<\/li>\n<li class=\"ql-indent-1\">Mettetevi nei vostri panni come se foste sul letto di morte e guardate indietro alla vostra vita: Cosa rimpiangeresti?<\/li>\n<\/ol>\n<\/li>\n<li><span data-preserver-spaces=\"true\">Una volta terminato l'esercizio, <strong>appendetelo al frigorifero<\/strong> o da qualche parte dove \u00e8 possibile<strong> riempire i mesi man mano che passano<\/strong>. <\/span><\/li>\n<\/ol>\n<p>&nbsp;<\/p>\n<p><strong>Perch\u00e9 \u00e8 importante?<\/strong><\/p>\n<p>Di solito ci comportiamo come se dovessimo vivere per sempre, quindi sprechiamo il nostro tempo in attivit\u00e0 che non danno soddisfazione a nessuno. Questo strumento pu\u00f2 aiutarvi a ri-focalizzarvi su ci\u00f2 che \u00e8 importante per voi.<br \/>\nQuando abbiamo una visione chiara di come vogliamo vivere la nostra vita, possiamo prendere decisioni migliori. Per esempio, se uno dei vostri obiettivi \u00e8 \"avere un corpo e una mente sani\", allora forse vorrete iniziare a cercare ci\u00f2 che \u00e8 necessario per raggiungere questo obiettivo: che si tratti di costruire muscoli, mangiare meglio o ridurre gli elementi di stress.<\/p>\n<p>Se questo foglio da solo non \u00e8 abbastanza utile, vi consiglio di usare le applicazioni che invecchiano le vostre foto e di stampare una foto di voi stessi all'et\u00e0 di 120 anni. Se la aggiungete accanto all'esercizio mensile, ne aumenterete l'efficacia.<\/p>\n<p><strong><em><span data-preserver-spaces=\"true\">Vi auguriamo successo e prosperit\u00e0!<\/span><\/em><\/strong><\/p>\n<p><span data-preserver-spaces=\"true\">\u00a0<\/span><\/p>\n<p><em><span data-preserver-spaces=\"true\">Se avete bisogno di utilizzarlo per un uso diverso da quello personale, contattatemi all'indirizzo info@gretemerlyn.com.<\/span><\/em><\/p>","protected":false},"excerpt":{"rendered":"<p>Uno strumento non negoziabile per trovare la concentrazione e creare obiettivi per una vita soddisfacente.<\/p>","protected":false},"featured_media":2673,"template":"","meta":{"_glsr_average":0,"_glsr_ranking":0,"_glsr_reviews":0},"product_brand":[],"product_cat":[508],"product_tag":[],"class_list":{"0":"post-2672","1":"product","2":"type-product","3":"status-publish","4":"has-post-thumbnail","6":"product_cat-pdf","8":"first","9":"instock","10":"shipping-taxable","11":"product-type-external"},"_links":{"self":[{"href":"https:\/\/www.gretemerlyn.com\/it\/wp-json\/wp\/v2\/product\/2672","targetHints":{"allow":["GET"]}}],"collection":[{"href":"https:\/\/www.gretemerlyn.com\/it\/wp-json\/wp\/v2\/product"}],"about":[{"href":"https:\/\/www.gretemerlyn.com\/it\/wp-json\/wp\/v2\/types\/product"}],"wp:featuredmedia":[{"embeddable":true,"href":"https:\/\/www.gretemerlyn.com\/it\/wp-json\/wp\/v2\/media\/2673"}],"wp:attachment":[{"href":"https:\/\/www.gretemerlyn.com\/it\/wp-json\/wp\/v2\/media?parent=2672"}],"wp:term":[{"taxonomy":"product_brand","embeddable":true,"href":"https:\/\/www.gretemerlyn.com\/it\/wp-json\/wp\/v2\/product_brand?post=2672"},{"taxonomy":"product_cat","embeddable":true,"href":"https:\/\/www.gretemerlyn.com\/it\/wp-json\/wp\/v2\/product_cat?post=2672"},{"taxonomy":"product_tag","embeddable":true,"href":"https:\/\/www.gretemerlyn.com\/it\/wp-json\/wp\/v2\/product_tag?post=2672"}],"curies":[{"name":"wp","href":"https:\/\/api.w.org\/{rel}","templated":true}]}}