{"id":2417,"date":"2023-07-14T16:58:34","date_gmt":"2023-07-14T14:58:34","guid":{"rendered":"https:\/\/www.gretemerlyn.it\/?post_type=product&#038;p=2417"},"modified":"2023-07-14T16:58:35","modified_gmt":"2023-07-14T14:58:35","slug":"problem-solving-framework-pdf","status":"publish","type":"product","link":"https:\/\/www.gretemerlyn.com\/it\/servizio\/problem-solving-framework-pdf\/","title":{"rendered":"Quadro di problem solving PDF"},"content":{"rendered":"<p><em>Se vuoi usarlo per un uso diverso da quello personale, contattami su\u00a0<\/em><a class=\"ProsemirrorEditor-link\" href=\"mailto:info@gretemerlyn.it\" target=\"_blank\" rel=\"noopener noreferrer nofollow\"><em><u>info@gretemerlyn.it<\/u><\/em><\/a><\/p>","protected":false},"excerpt":{"rendered":"<p>Non c'\u00e8 problema senza soluzione!<\/p>\n<p>Questa tecnica di problem solving ti da un processo analitico per la risoluzione dei problemi. \ud83c\udf3b Scrivi il tuo problema, i diversi aspetti e le possibili soluzioni.<\/p>\n<p>A volte riusciamo a farlo nella nostra testa, altre volte ci sentiamo letteralmente bloccati seduti su una pentola in ebollizione. Avere il problema \"su carta\" vi d\u00e0 un'altra prospettiva e vi permette di pensare a diversi tipi di soluzioni. O chiss\u00e0, forse sulla carta non sembra pi\u00f9 un problema?<\/p>\n<p>Non sono richieste competenze particolari, ma solo una certa apertura alla creativit\u00e0 nella risoluzione dei problemi.<\/p>\n<p><em>Ti auguro ogni successo nel raggiungere i tuoi obiettivi\u00a0<\/em>\ud83c\udf3b\ud83e\udd29<\/p>","protected":false},"featured_media":2409,"template":"","meta":{"_glsr_average":0,"_glsr_ranking":0,"_glsr_reviews":0},"product_brand":[],"product_cat":[508],"product_tag":[],"class_list":{"0":"post-2417","1":"product","2":"type-product","3":"status-publish","4":"has-post-thumbnail","6":"product_cat-pdf","8":"first","9":"instock","10":"shipping-taxable","11":"product-type-external"},"_links":{"self":[{"href":"https:\/\/www.gretemerlyn.com\/it\/wp-json\/wp\/v2\/product\/2417","targetHints":{"allow":["GET"]}}],"collection":[{"href":"https:\/\/www.gretemerlyn.com\/it\/wp-json\/wp\/v2\/product"}],"about":[{"href":"https:\/\/www.gretemerlyn.com\/it\/wp-json\/wp\/v2\/types\/product"}],"wp:featuredmedia":[{"embeddable":true,"href":"https:\/\/www.gretemerlyn.com\/it\/wp-json\/wp\/v2\/media\/2409"}],"wp:attachment":[{"href":"https:\/\/www.gretemerlyn.com\/it\/wp-json\/wp\/v2\/media?parent=2417"}],"wp:term":[{"taxonomy":"product_brand","embeddable":true,"href":"https:\/\/www.gretemerlyn.com\/it\/wp-json\/wp\/v2\/product_brand?post=2417"},{"taxonomy":"product_cat","embeddable":true,"href":"https:\/\/www.gretemerlyn.com\/it\/wp-json\/wp\/v2\/product_cat?post=2417"},{"taxonomy":"product_tag","embeddable":true,"href":"https:\/\/www.gretemerlyn.com\/it\/wp-json\/wp\/v2\/product_tag?post=2417"}],"curies":[{"name":"wp","href":"https:\/\/api.w.org\/{rel}","templated":true}]}}