{"id":2414,"date":"2023-07-14T16:54:52","date_gmt":"2023-07-14T14:54:52","guid":{"rendered":"https:\/\/www.gretemerlyn.it\/?post_type=product&#038;p=2414"},"modified":"2023-07-14T16:56:37","modified_gmt":"2023-07-14T14:56:37","slug":"smart-goals-prioritizing-goals-pdf","status":"publish","type":"product","link":"https:\/\/www.gretemerlyn.com\/it\/servizio\/smart-goals-prioritizing-goals-pdf\/","title":{"rendered":"Obiettivi SMART e definizione delle priorit\u00e0 PDF"},"content":{"rendered":"<p>A volte procrastiniamo perch\u00e9 il nostro obiettivo sembra una balena e non abbiamo idea da dove cominciare. A volte siamo cos\u00ec sopraffatti da tutto ci\u00f2 che dobbiamo fare che vorremmo prenotare un biglietto per le Bahamas.<\/p>\n<p>Siate strategici e ricucite le cose che non valgono davvero il vostro tempo.<\/p>\n<p><em>Nota a margine: potrebbe essere necessario fare un po' di pratica con la definizione delle priorit\u00e0 degli obiettivi, poich\u00e9 di default tendiamo a pensare che sia tutto molto urgente e importante. Probabilmente lo \u00e8 solo 20%.<\/em><\/p>\n<p>\u00c8 utile per:<\/p>\n<ul>\n<li>Essere specifici sui propri obiettivi<\/li>\n<li>Comprendere la gerarchia degli obiettivi<\/li>\n<li>Capire la priorit\u00e0 degli obiettivi personali<\/li>\n<li>Privilegiare gli obiettivi professionali<\/li>\n<li>Capire la priorit\u00e0 degli obiettivi a breve e a lungo termine<\/li>\n<li>Il processo decisionale per la tua infinita lista di cose da fare<\/li>\n<li>Gestione strategica del tempo<\/li>\n<\/ul>\n<p><em>Se vuoi usarlo per un uso diverso da quello personale, contattami su\u00a0<\/em><a class=\"ProsemirrorEditor-link\" href=\"mailto:info@gretemerlyn.it\" target=\"_blank\" rel=\"noopener noreferrer nofollow\"><em><u>info@gretemerlyn.it<\/u><\/em><\/a><\/p>","protected":false},"excerpt":{"rendered":"<p>Un foglio, infiniti obiettivi pi\u00f9 efficaci. Include 2 metodi: Lista di controllo degli obiettivi SMART e Matrice delle priorit\u00e0 di Eisenhower.<\/p>\n<p>Per sbloccarsi, diventare pi\u00f9 produttivi e pi\u00f9 efficaci nel processo decisionale, padroneggiate queste due tecniche di definizione degli obiettivi.<\/p>\n<p><em>Ti auguro ogni successo nel raggiungere i tuoi obiettivi\u00a0<\/em>\ud83c\udf3b\ud83e\udd29<\/p>","protected":false},"featured_media":2412,"template":"","meta":{"_glsr_average":0,"_glsr_ranking":0,"_glsr_reviews":0},"product_brand":[],"product_cat":[508],"product_tag":[],"class_list":{"0":"post-2414","1":"product","2":"type-product","3":"status-publish","4":"has-post-thumbnail","6":"product_cat-pdf","8":"first","9":"instock","10":"shipping-taxable","11":"product-type-external"},"_links":{"self":[{"href":"https:\/\/www.gretemerlyn.com\/it\/wp-json\/wp\/v2\/product\/2414","targetHints":{"allow":["GET"]}}],"collection":[{"href":"https:\/\/www.gretemerlyn.com\/it\/wp-json\/wp\/v2\/product"}],"about":[{"href":"https:\/\/www.gretemerlyn.com\/it\/wp-json\/wp\/v2\/types\/product"}],"wp:featuredmedia":[{"embeddable":true,"href":"https:\/\/www.gretemerlyn.com\/it\/wp-json\/wp\/v2\/media\/2412"}],"wp:attachment":[{"href":"https:\/\/www.gretemerlyn.com\/it\/wp-json\/wp\/v2\/media?parent=2414"}],"wp:term":[{"taxonomy":"product_brand","embeddable":true,"href":"https:\/\/www.gretemerlyn.com\/it\/wp-json\/wp\/v2\/product_brand?post=2414"},{"taxonomy":"product_cat","embeddable":true,"href":"https:\/\/www.gretemerlyn.com\/it\/wp-json\/wp\/v2\/product_cat?post=2414"},{"taxonomy":"product_tag","embeddable":true,"href":"https:\/\/www.gretemerlyn.com\/it\/wp-json\/wp\/v2\/product_tag?post=2414"}],"curies":[{"name":"wp","href":"https:\/\/api.w.org\/{rel}","templated":true}]}}