{"id":3,"date":"2019-09-11T10:32:11","date_gmt":"2019-09-11T08:32:11","guid":{"rendered":"https:\/\/www.gretemerlyn.it\/new\/?page_id=3"},"modified":"2025-04-08T16:34:48","modified_gmt":"2025-04-08T14:34:48","slug":"privacy-policy","status":"publish","type":"page","link":"https:\/\/www.gretemerlyn.com\/it\/privacy-policy\/","title":{"rendered":"Informativa privacy"},"content":{"rendered":"<div data-midnight=\"dark-title\" class=\"row wpb_row row-fluid vc_custom_1696596557192\"><div class=\"wpb_column columns medium-6 thb-dark-column small-12\"><div class=\"vc_column-inner\"><div class=\"wpb_wrapper\">\n\t<div class=\"wpb_text_column wpb_content_element\">\n\t\t<div class=\"wpb_wrapper\">\n\t\t\t<h1>Informativa privacy<\/h1>\n<p>In questa pagina si possono trovare tutte le informazioni su come Grete Merlyn Kaljumaee tratta e gestisce i dati personali degli utenti trasmessi\/acquisiti dal Titolare del trattamento durante la navigazione.<\/p>\n<h4>Titolare del trattamento dei dati<\/h4>\n<p>The data controller is Grete Merlyn Kaljum\u00e4e<\/p>\n<p>Contacts: info@gretemerlyn.com<\/p>\n<p>&nbsp;<\/p>\n<h4>Tipologia di dati trattati dal nostro sito e destinatari<\/h4>\n<p>Durante la navigazione su questo sito web, vengono acquisiti e trattati dal Titolare, autonomamente o tramite terzi, i seguenti dati:<\/p>\n<ol>\n<li>Dati di navigazione<\/li>\n<\/ol>\n<p>Si tratta dei dati personali trasmessi e acquisiti automaticamente collegandosi al sito. Si tratta di informazioni che non vengono raccolte allo scopo di identificare l'utente, ma che per loro stessa natura potrebbero consentire di identificarlo. Si tratta degli indirizzi IP, dei nomi di dominio dei computer o dei dispositivi mobili utilizzati per la connessione, degli indirizzi in notazione URI (Uniform Resource Identifier) delle risorse richieste, dell'orario della connessione e della richiesta, del metodo di richiesta e di ogni altro parametro relativo al sistema operativo e all'ambiente informatico dell'utente. Questi dati vengono raccolti per proteggere il sito da spam, atti dolosi e per tenere traccia dell'attivit\u00e0 del sito. I destinatari di questi dati sono il Proprietario e il Provider di Hosting (attualmente Kualo - <a href=\"https:\/\/www.iubenda.com\/privacy-policy\/698140\/legal\" target=\"_blank\" rel=\"noopener nofollow\">Informativa privacy<\/a>)<\/p>\n<ol start=\"2\">\n<li>Dati identificativi forniti volontariamente dall'interessato<\/li>\n<\/ol>\n<p>I dati personali identificativi sono forniti volontariamente dall'interessato e ne consentono l'identificazione diretta; essi sono: nome, cognome, numero di telefono, indirizzo e-mail, data-ora-localit\u00e0 di nascita. Tali dati devono essere forniti volontariamente ed esplicitamente dall'utente attraverso la compilazione di moduli e vengono successivamente acquisiti dal Titolare per le finalit\u00e0 del trattamento e per quelle autorizzate dall'utente. L'utente si assume sempre la responsabilit\u00e0 dei dati personali di terzi ottenuti, pubblicati e condivisi sul nostro sito e garantisce di avere il diritto di comunicarli e diffonderli, sollevando il Titolare da qualsiasi responsabilit\u00e0 verso i terzi in questione. Il destinatario dei dati \u00e8 il Titolare, che utilizzer\u00e0 i dati acquisiti ai fini della comunicazione e curer\u00e0 la protezione dei dati sensibili non comunicandoli a terzi.<\/p>\n<p>&nbsp;<\/p>\n<h4>Base giuridica del trattamento<\/h4>\n<p>La base giuridica del trattamento \u00e8 il consenso liberamente prestato dall'interessato al momento del conferimento dei dati e\/o la necessit\u00e0 di eseguire il contratto con il Titolare. Il Titolare tratta legittimamente i dati anche per adempiere a un obbligo legale al quale \u00e8 soggetto, se necessario per salvaguardare gli interessi vitali dell'interessato o di un'altra persona fisica e se necessario per l'esecuzione di un compito di interesse pubblico o connesso all'esercizio di pubblici poteri di cui \u00e8 investito il Titolare (art. 6 Regolamento UE 2016\/679). L'utente ha sempre il diritto di conoscere la base giuridica concreta del trattamento dei propri dati facendone espressa richiesta ai recapiti del Titolare.<\/p>\n<p>&nbsp;<\/p>\n<h4>Finalit\u00e0 del trattamento<\/h4>\n<p>I dati dell'utente sono acquisiti e trattati per fornire i propri servizi e garantire l'adempimento del contratto sottoscritto con l'interessato o per evadere eventuali richieste precontrattuali dello stesso (ad esempio la redazione e l'invio di un preventivo, l'effettuazione di un pagamento o la prenotazione di una sessione). I dati vengono inoltre acquisiti e trattati per le seguenti finalit\u00e0: comunicazione con l'utente, visualizzazione dei contenuti di piattaforme esterne e interazione con le stesse.<\/p>\n<p>&nbsp;<\/p>\n<h4>Metodi di elaborazione e dettagli dei servizi utilizzati<\/h4>\n<p>Il trattamento da parte del Titolare dei dati acquisiti attraverso il sito e per le finalit\u00e0 sopra individuate avviene attraverso l'utilizzo di strumenti informatici e\/o telematici, raramente cartacei e attraverso software gestionali.<\/p>\n<p>I vostri dati possono essere utilizzati su questi software (a seconda delle vostre richieste sul sito web):<\/p>\n<ul>\n<li><a href=\"https:\/\/www.brevo.com\/\" target=\"_blank\" rel=\"noopener nofollow\">brevo.com<\/a> \u00e8 utilizzato per l'invio di e-mail, newsletter e prenotazioni di sessioni e letture. Quando vi iscrivete alla newsletter o prenotate una seduta, i vostri dati saranno memorizzati qui.<\/li>\n<li><a href=\"https:\/\/stripe.com\/\" target=\"_blank\" rel=\"noopener nofollow\">stripe.com<\/a> \u00e8 utilizzato per elaborare i pagamenti. Quando si acquista una sessione o uno strumento digitale, Stripe memorizza i dati relativi nel modo pi\u00f9 sicuro possibile.<\/li>\n<li><a href=\"https:\/\/gumroad.com\/\" target=\"_blank\" rel=\"noopener nofollow\">gumroad.com<\/a> \u00e8 utilizzato per distribuire strumenti gratuiti. Quando si scaricano strumenti, i dati vengono memorizzati su Gumroad e Brevo.<\/li>\n<li><a href=\"https:\/\/invoice.zoho.eu\/\" rel=\"nofollow noopener\" target=\"_blank\">fattura.zoho.eu<\/a> viene utilizzato per la gestione della contabilit\u00e0. Per i clienti che usufruiscono dei servizi di Grete, Zoho Invoice verr\u00e0 utilizzato per la fatturazione e i preventivi.<\/li>\n<\/ul>\n<p>&nbsp;<\/p>\n<p>Il Titolare del trattamento ha adottato misure tecniche e organizzative idonee a garantire la protezione dei dati trattati in conformit\u00e0 alla normativa vigente in materia, nonch\u00e9 un'adeguata politica di sicurezza che prevede la formazione del personale incaricato del trattamento per garantire che il trattamento sia sempre effettuato in sicurezza. In caso di nomina di Responsabili del trattamento (es. hosting provider, societ\u00e0 informatiche, fornitori in genere), il Titolare si assicura che essi operino costantemente nel rispetto delle disposizioni di Legge adottando misure tecniche e organizzative idonee a tutelare i diritti dell'interessato.<\/p>\n<p>&nbsp;<\/p>\n<h4>Tempo e luogo di archiviazione dei dati<\/h4>\n<p>I dati personali raccolti da questo sito sono trattati presso la sede del Titolare del trattamento. I dati potranno essere trasferiti a soggetti e paesi terzi non appartenenti all'Unione Europea solo con il consenso espresso dell'utente interessato e con le modalit\u00e0 e le finalit\u00e0 gi\u00e0 indicate in precedenza. L'utente ha il diritto di conoscere nel dettaglio le misure di sicurezza adottate dal Titolare del trattamento per proteggere i dati trasmessi a terzi e al di fuori dell'Unione Europea, inviando una specifica richiesta in tal senso ai recapiti sopra indicati.<\/p>\n<p>&nbsp;<\/p>\n<h5>Periodo di conservazione<\/h5>\n<p>I dati sono trattati e conservati per il tempo necessario a conseguire le finalit\u00e0 per cui sono stati raccolti; in ogni caso per il tempo di navigazione e oltre in caso di consenso prestato dall'interessato all'installazione e all'utilizzo dei Cookies. L'utente ha sempre il diritto di revocare il consenso al trattamento dei propri dati, fermo restando il diritto del titolare del trattamento di conservare i dati per adempiere a un obbligo di legge o per ordine dell'Autorit\u00e0.<\/p>\n<p>&nbsp;<\/p>\n<h4>Diritti dell'utente (interessato)<\/h4>\n<p>- L'interessato ha sempre il diritto di accedere ai dati che lo riguardano e che sono trattati dal sito, di chiederne la rettifica e l'aggiornamento, nonch\u00e9 la cancellazione o la limitazione, a meno che ci\u00f2 non sia in contrasto con gli obblighi di legge del Titolare del trattamento (ad esempio, per finalit\u00e0 fiscali e tributarie).<\/p>\n<p>- L'interessato ha il diritto di opporsi al trattamento senza base giuridica e per mere finalit\u00e0 di marketing (art. 21 Regolamento UE 679\/2016).<\/p>\n<p>- L'interessato ha diritto alla portabilit\u00e0 dei dati che lo riguardano ai fini della loro trasmissione da un titolare del trattamento ad un altro, in conformit\u00e0 alla Legge (art. 20 Regolamento UE 679\/2016).<\/p>\n<p>- L'interessato ha il diritto di revocare il consenso al trattamento in qualsiasi momento senza pregiudicare la liceit\u00e0 del trattamento basata sul consenso precedentemente prestato e comunque salvo che il trattamento sia imposto al titolare del trattamento per adempiere a obblighi di legge.<\/p>\n<p>- L'interessato ha il diritto di proporre reclamo al Garante per la protezione dei dati personali in ogni caso in cui ritenga che siano stati violati i suoi diritti derivanti dalla normativa italiana e dell'Unione Europea in materia di protezione dei dati personali.<\/p>\n<p>- Se nello svolgimento delle proprie attivit\u00e0 e ai fini dell'esecuzione del contatto, il Titolare del trattamento si avvale di processi decisionali automatizzati che producono effetti giuridici sull'interessato o lo riguardano in modo analogo, l'interessato ha il diritto di essere informato in qualsiasi momento della logica su cui si basano tali processi, nonch\u00e9 dell'importanza di tali trattamenti e delle relative conseguenze per l'interessato.<\/p>\n<p>- Nell'ambito della propria attivit\u00e0, il Titolare del trattamento svolge attivit\u00e0 di profilazione dei dati dell'interessato, intesa come l'utilizzo di tali dati per analizzare o prevedere aspetti riguardanti il rendimento professionale, la situazione economica, la salute, le preferenze personali, gli interessi, l'affidabilit\u00e0, il comportamento, l'ubicazione o gli spostamenti dell'interessato. Le attivit\u00e0 svolte dal sito sono state illustrate in precedenza, cos\u00ec come il fatto che esse si basano sul consenso liberamente prestato dall'utente.<\/p>\n<p>- Il Titolare del trattamento trasferisce a terzi e trasferisce a paesi o organizzazioni internazionali tutti o parte dei dati personali dell'interessato, previo consenso specifico dell'interessato e garantendo in ogni caso un'adeguata protezione dei dati in conformit\u00e0 alla normativa vigente in materia di protezione dei dati personali, come sopra specificato. L'interessato sar\u00e0 informato delle garanzie appropriate adottate dal Titolare del trattamento per assicurare una protezione costante dei dati e garantire che l'interessato possa esercitare i propri diritti, nonch\u00e9 del luogo in cui i suoi dati sono disponibili e dei mezzi per ottenerne una copia.<\/p>\n<p>Per saperne di pi\u00f9, avvalersi del diritto all'oblio o altro, si prega di contattare il Titolare del trattamento.<\/p>\n<p>&nbsp;<\/p>\n<p>La presente informativa sulla privacy si applica solo a questo sito web e non si estende ad altri siti web. Inoltre, la presente informativa sulla privacy \u00e8 soggetta a costante revisione e aggiornamento per garantire la conformit\u00e0 alla legislazione sulla privacy e la tutela dei diritti degli utenti.<\/p>\n\n\t\t<\/div>\n\t<\/div>\n<\/div><\/div><\/div><div class=\"wpb_column columns medium-6 thb-dark-column small-12\"><div class=\"vc_column-inner\"><div class=\"wpb_wrapper\">\n\t<div class=\"wpb_text_column wpb_content_element\">\n\t\t<div class=\"wpb_wrapper\">\n\t\t\t<h1>Informativa sui cookie<\/h1>\n<p>Potete stare tranquilli, utilizzo strumenti compatibili con il GDPR. Dopotutto utilizzo solo cookie tecnici, ecco perch\u00e9 non troverete il solito avviso sul mio sito \ud83d\ude42<\/p>\n<p>Ma l'informativa deve esserci in ogni caso, quindi....<\/p>\n<p>&nbsp;<\/p>\n<h3>Cosa sono i cookies?<\/h3>\n<p>Un cookie \u00e8 un piccolo file di testo inviato dal sito al dispositivo dell'utente (computer, tablet, cellulare...) e che viene memorizzato dal dispositivo stesso per essere ritrasmesso al sito visitato in occasione delle visite successive. I cookie possono avere diverse funzioni, ma il loro scopo principale \u00e8 quello di migliorare la navigazione memorizzando le informazioni dell'utente per riconoscerlo a ogni visita e raccogliere dati sull'utilizzo del sito da parte dell'utente.<\/p>\n<p>Ad esempio, i cookie permettono di memorizzare le preferenze linguistiche. Se avete scelto di visitare il mio sito in inglese, la prossima volta che tornerete lo vedrete gi\u00e0 in inglese - tranne se tornate dopo 7 giorni.<\/p>\n<p>&nbsp;<\/p>\n<h3>Cookie sul mio sito web<\/h3>\n<p>Sul mio sito ci sono solo cookie tecnici che utilizzo:<\/p>\n<ul>\n<li>Per<strong> statistica<\/strong> : il sito raccoglie ed elabora Cookie e dati di utilizzo dell'utente che consentono di monitorare e analizzare i dati di traffico. Questi dati vengono raccolti ed elaborati utilizzando i servizi di<strong> Plausibile<\/strong>, un servizio di analisi web con server in Europa che non raccoglie dati personali o identificabili. Non utilizza cookie e rispetta la privacy.<\/li>\n<li>Per avere il sito in <strong>pi\u00f9 lingue<\/strong>: salvate nel vostro browser per 7 giorni la vostra preferenza di vedere il mio sito in inglese, ma nessuno lo sapr\u00e0, solo voi.<\/li>\n<\/ul>\n<p>&nbsp;<\/p>\n<h3>Dove vengono utilizzati i cookie?<\/h3>\n<p>I cookie vengono inseriti nel computer o nel dispositivo dell'utente e le informazioni in essi memorizzate vengono utilizzate solo quando si utilizza il mio sito.<\/p>\n<p>&nbsp;<\/p>\n<h3>Come si pu\u00f2 controllare il modo in cui i siti utilizzano i cookie?<\/h3>\n<p>Il vostro browser o dispositivo pu\u00f2 contenere impostazioni che vi consentono di scegliere se impostare i cookie e di eliminarli. Per ulteriori informazioni su queste opzioni di controllo, consultare il materiale di supporto del proprio browser o dispositivo. Di seguito sono riportati alcuni link per i browser pi\u00f9 comuni:<\/p>\n<p><a href=\"https:\/\/support.google.com\/chrome\/answer\/95647?co=GENIE.Platform%3DDesktop&amp;hl=it\" target=\"_blank\" rel=\"noopener noreferrer nofollow\">Chrome<\/a>\u00a0 \/\u00a0 <a href=\"https:\/\/support.mozilla.org\/it\/kb\/Eliminare%20i%20cookie\" target=\"_blank\" rel=\"noopener noreferrer nofollow\">Firefox<\/a>\u00a0 \/\u00a0 <a href=\"http:\/\/help.opera.com\/Windows\/10.00\/it\/cookies.html\" target=\"_blank\" rel=\"noopener noreferrer nofollow\">Opera<\/a>\u00a0 \/ <a href=\"https:\/\/support.microsoft.com\/it-it\/help\/17442\/windows-internet-explorer-delete-manage-cookies\" target=\"_blank\" rel=\"noopener noreferrer nofollow\">\u00a0Edge<\/a><\/p>\n\n\t\t<\/div>\n\t<\/div>\n<\/div><\/div><\/div><\/div><div data-midnight=\"dark-title\" class=\"row wpb_row row-fluid\"><div class=\"wpb_column columns medium-12 thb-dark-column small-12\"><div class=\"vc_column-inner\"><div class=\"wpb_wrapper\">\n\t<div class=\"wpb_text_column wpb_content_element\">\n\t\t<div class=\"wpb_wrapper\">\n\t\t\t<hr \/>\n<p><em>Riferimenti legali This information is drafted in accordance with the principles of EU Regulation 2016\/679 and Recommendation No. 2\/2001 of the Working Party established by Article 29 of Directive No. 95\/46\/EC.<\/em><\/p>\n\n\t\t<\/div>\n\t<\/div>\n<div class=\"vc_empty_space\" id=\"thb-empty-space-69e398c987fc9\"  style=\"height: 150px\" ><span class=\"vc_empty_space_inner\"><\/span><\/div>\n<\/div><\/div><\/div><\/div>","protected":false},"excerpt":{"rendered":"Privacy Policy On this page, you can find all the information on how Grete Merlyn Kaljumaee processes and manages the personal data of users transmitted\/acquired by the Data Controller while browsing. Data controller The data controller is Grete Merlyn Kaljum\u00e4e Contacts: info@gretemerlyn.com &nbsp; Type of data processed by our site and recipients During navigation on&hellip;","protected":false},"author":1,"featured_media":0,"parent":0,"menu_order":0,"comment_status":"closed","ping_status":"open","template":"","meta":{"_glsr_average":0,"_glsr_ranking":0,"_glsr_reviews":0,"footnotes":""},"class_list":["post-3","page","type-page","status-publish","hentry"],"_links":{"self":[{"href":"https:\/\/www.gretemerlyn.com\/it\/wp-json\/wp\/v2\/pages\/3","targetHints":{"allow":["GET"]}}],"collection":[{"href":"https:\/\/www.gretemerlyn.com\/it\/wp-json\/wp\/v2\/pages"}],"about":[{"href":"https:\/\/www.gretemerlyn.com\/it\/wp-json\/wp\/v2\/types\/page"}],"author":[{"embeddable":true,"href":"https:\/\/www.gretemerlyn.com\/it\/wp-json\/wp\/v2\/users\/1"}],"replies":[{"embeddable":true,"href":"https:\/\/www.gretemerlyn.com\/it\/wp-json\/wp\/v2\/comments?post=3"}],"version-history":[{"count":0,"href":"https:\/\/www.gretemerlyn.com\/it\/wp-json\/wp\/v2\/pages\/3\/revisions"}],"wp:attachment":[{"href":"https:\/\/www.gretemerlyn.com\/it\/wp-json\/wp\/v2\/media?parent=3"}],"curies":[{"name":"wp","href":"https:\/\/api.w.org\/{rel}","templated":true}]}}