{"id":2672,"date":"2025-02-28T11:45:08","date_gmt":"2025-02-28T10:45:08","guid":{"rendered":"https:\/\/www.gretemerlyn.com\/?post_type=product&#038;p=2672"},"modified":"2025-02-28T11:45:08","modified_gmt":"2025-02-28T10:45:08","slug":"top-10-life-goals","status":"publish","type":"product","link":"https:\/\/www.gretemerlyn.com\/ee\/servizio\/top-10-life-goals\/","title":{"rendered":"Top 10 Elu eesm\u00e4rki PDF"},"content":{"rendered":"<p><strong><span data-preserver-spaces=\"true\">Juhised:<\/span><\/strong><\/p>\n<ol>\n<li><strong><span data-preserver-spaces=\"true\">Prindi<\/span><\/strong><span data-preserver-spaces=\"true\"> v\u00e4lja.<\/span><\/li>\n<li><span data-preserver-spaces=\"true\">Sea oma <strong>pikaealisuse eesm\u00e4rk<\/strong> (PDF ulatub kuni 120 aastani)<\/span><\/li>\n<li><span data-preserver-spaces=\"true\"><strong>T\u00e4ida elatud kuud<\/strong> alates su s\u00fcnnist ja need, mis on su pikaealisuse eesm\u00e4rgi seisukohalt m\u00f5istlikud.<\/span><\/li>\n<li>V\u00f5ta endale aega et m\u00f5tiskleda ja seada oma elu 10 t\u00e4htsamat eesm\u00e4rki. N\u00e4pun\u00e4iteid:\n<ol>\n<li class=\"ql-indent-1\">V\u00f5ib teha ajur\u00fcnnaku p\u00e4evikusse v\u00f5i teisele paberilehele, enne <span data-preserver-spaces=\"true\">eesm\u00e4rkide<\/span> kirjutamist.<\/li>\n<li>Vaata oma elu reaalses ajavahemikus ja k\u00fcsi endalt: milliseks ma tahan oma elu muuta? Mida ma tahan saavutada? Kuhu ma tahan oma aega investeerida? Mis on minu jaoks oluline?<\/li>\n<li class=\"ql-indent-1\">Pane end oma surivoodi kingadesse ja vaata oma elule tagasi: Mida sa kahetseksid?<\/li>\n<\/ol>\n<\/li>\n<li><span data-preserver-spaces=\"true\">Kui oled harjutuse l\u00f5petanud, <strong>riputa see k\u00fclmkapile<\/strong> v\u00f5i kuhugi, kus saad<strong> m\u00f6\u00f6duvaid kuid t\u00e4ita<\/strong>. <\/span><\/li>\n<\/ol>\n<p>&nbsp;<\/p>\n<p><strong>Miks on see oluline?<\/strong><\/p>\n<p>Tavaliselt k\u00e4itume nii, nagu elaksime igavesti, nii et raiskame oma aega tegevusele, mis ei paku kellelegi rahulolu. See t\u00f6\u00f6riist aitab sul uuesti keskenduda sellele, mis on oluline.<br \/>\nKui meil on selge n\u00e4gemus sellest, kuidas me tahame oma elu elada, saame teha paremaid otsuseid. N\u00e4iteks kui \u00fcks eesm\u00e4rkidest on \"terve keha ja vaim\", siis ehk hakkame otsima, mis on selle eesm\u00e4rgi saavutamiseks vajalik: olgu selleks siis lihaste treenimine, parem toitumine v\u00f5i stressi v\u00e4hendamine.<\/p>\n<p>Kui see leht \u00fcksi ei ole piisavalt abiks, soovitan kasutada rakendusi, mis vanandavadteie fotosid, ja printida v\u00e4lja pilt endast 120-aastasena. Lisa see igakuise harjutuse k\u00f5rvale, selleks et tuleviku iseenda eest paremat hoolt kanda.<\/p>\n<p><strong><em><span data-preserver-spaces=\"true\">Soovin sulle edu ja j\u00f5ukust!<\/span><\/em><\/strong><\/p>\n<p><span data-preserver-spaces=\"true\">\u00a0<\/span><\/p>\n<p><em><span data-preserver-spaces=\"true\">Kui tahad seda kasutada muuks kui isiklikuks otstarbeks, v\u00f5ta minuga \u00fchendust aadressil info@gretemerlyn.com<\/span><\/em><\/p>","protected":false},"excerpt":{"rendered":"<p>Kohustuslik vahend fookuse leidmiseks ja eesm\u00e4rkide loomiseks t\u00e4isv\u00e4\u00e4rtusliku elu poole.<\/p>","protected":false},"featured_media":2673,"template":"","meta":{"_glsr_average":0,"_glsr_ranking":0,"_glsr_reviews":0},"product_brand":[],"product_cat":[508],"product_tag":[],"class_list":{"0":"post-2672","1":"product","2":"type-product","3":"status-publish","4":"has-post-thumbnail","6":"product_cat-pdf","8":"first","9":"instock","10":"shipping-taxable","11":"product-type-external"},"_links":{"self":[{"href":"https:\/\/www.gretemerlyn.com\/ee\/wp-json\/wp\/v2\/product\/2672","targetHints":{"allow":["GET"]}}],"collection":[{"href":"https:\/\/www.gretemerlyn.com\/ee\/wp-json\/wp\/v2\/product"}],"about":[{"href":"https:\/\/www.gretemerlyn.com\/ee\/wp-json\/wp\/v2\/types\/product"}],"wp:featuredmedia":[{"embeddable":true,"href":"https:\/\/www.gretemerlyn.com\/ee\/wp-json\/wp\/v2\/media\/2673"}],"wp:attachment":[{"href":"https:\/\/www.gretemerlyn.com\/ee\/wp-json\/wp\/v2\/media?parent=2672"}],"wp:term":[{"taxonomy":"product_brand","embeddable":true,"href":"https:\/\/www.gretemerlyn.com\/ee\/wp-json\/wp\/v2\/product_brand?post=2672"},{"taxonomy":"product_cat","embeddable":true,"href":"https:\/\/www.gretemerlyn.com\/ee\/wp-json\/wp\/v2\/product_cat?post=2672"},{"taxonomy":"product_tag","embeddable":true,"href":"https:\/\/www.gretemerlyn.com\/ee\/wp-json\/wp\/v2\/product_tag?post=2672"}],"curies":[{"name":"wp","href":"https:\/\/api.w.org\/{rel}","templated":true}]}}