{"id":2417,"date":"2023-07-14T16:58:34","date_gmt":"2023-07-14T14:58:34","guid":{"rendered":"https:\/\/www.gretemerlyn.it\/?post_type=product&#038;p=2417"},"modified":"2023-07-14T16:58:35","modified_gmt":"2023-07-14T14:58:35","slug":"problem-solving-framework-pdf","status":"publish","type":"product","link":"https:\/\/www.gretemerlyn.com\/ee\/servizio\/problem-solving-framework-pdf\/","title":{"rendered":"Probleemide lahendamise PDF"},"content":{"rendered":"<p><em>Kui teil on vaja seda kasutada muuks kui isiklikuks otstarbeks, v\u00f5tke minuga \u00fchendust aadressil\u00a0<\/em><a class=\"ProsemirrorEditor-link\" href=\"mailto:info@gretemerlyn.it\" target=\"_blank\" rel=\"noopener noreferrer nofollow\"><em><u>info@gretemerlyn.it<\/u><\/em><\/a><\/p>","protected":false},"excerpt":{"rendered":"<p>Pole probleemi ilma lahenduseta!<\/p>\n<p>See probleemide lahendamise tehnika annab sulle anal\u00fc\u00fctilise protsessi probleemide lahendamiseks. \ud83c\udf3b Kirjuta k\u00f5ik ilsuti \u00fcles: probleem, selle erinevad aspektid ja lahendused.<\/p>\n<p>M\u00f5nikord saame sellega peas hakkama, aga teised korrad tunneme end s\u00f5na otseses m\u00f5ttes panges. Kui probleem on \u201epaberil\u201c, annab see sulle teise vaatenurga ja v\u00f5imaldab m\u00f5elda erinevatele lahendustele. V\u00f5i kes teab, v\u00f5ib-olla ei tundu see paberil enam probleemina?<\/p>\n<p>Erilisi oskusi ei ole vaja, vaid ainult avatust loovusele probleemide lahendamisel.<\/p>\n<p><em>Soovin sulle edukat eesm\u00e4rkide saavutamist\u00a0<\/em>\ud83c\udf3b\ud83e\udd29<\/p>","protected":false},"featured_media":2409,"template":"","meta":{"_glsr_average":0,"_glsr_ranking":0,"_glsr_reviews":0},"product_brand":[],"product_cat":[508],"product_tag":[],"class_list":{"0":"post-2417","1":"product","2":"type-product","3":"status-publish","4":"has-post-thumbnail","6":"product_cat-pdf","8":"first","9":"instock","10":"shipping-taxable","11":"product-type-external"},"_links":{"self":[{"href":"https:\/\/www.gretemerlyn.com\/ee\/wp-json\/wp\/v2\/product\/2417","targetHints":{"allow":["GET"]}}],"collection":[{"href":"https:\/\/www.gretemerlyn.com\/ee\/wp-json\/wp\/v2\/product"}],"about":[{"href":"https:\/\/www.gretemerlyn.com\/ee\/wp-json\/wp\/v2\/types\/product"}],"wp:featuredmedia":[{"embeddable":true,"href":"https:\/\/www.gretemerlyn.com\/ee\/wp-json\/wp\/v2\/media\/2409"}],"wp:attachment":[{"href":"https:\/\/www.gretemerlyn.com\/ee\/wp-json\/wp\/v2\/media?parent=2417"}],"wp:term":[{"taxonomy":"product_brand","embeddable":true,"href":"https:\/\/www.gretemerlyn.com\/ee\/wp-json\/wp\/v2\/product_brand?post=2417"},{"taxonomy":"product_cat","embeddable":true,"href":"https:\/\/www.gretemerlyn.com\/ee\/wp-json\/wp\/v2\/product_cat?post=2417"},{"taxonomy":"product_tag","embeddable":true,"href":"https:\/\/www.gretemerlyn.com\/ee\/wp-json\/wp\/v2\/product_tag?post=2417"}],"curies":[{"name":"wp","href":"https:\/\/api.w.org\/{rel}","templated":true}]}}