{"id":2414,"date":"2023-07-14T16:54:52","date_gmt":"2023-07-14T14:54:52","guid":{"rendered":"https:\/\/www.gretemerlyn.it\/?post_type=product&#038;p=2414"},"modified":"2023-07-14T16:56:37","modified_gmt":"2023-07-14T14:56:37","slug":"smart-goals-prioritizing-goals-pdf","status":"publish","type":"product","link":"https:\/\/www.gretemerlyn.com\/ee\/servizio\/smart-goals-prioritizing-goals-pdf\/","title":{"rendered":"SMART eesm\u00e4rgid ja eesm\u00e4rkide prioritiseerimine PDF"},"content":{"rendered":"<p>M\u00f5nikord viivitame, sest meie eesm\u00e4rk n\u00e4eb v\u00e4lja nagu vaala ja meil pole aimugi, kust alustada. M\u00f5nikord oleme k\u00f5igest sellest, mida peame tegema, nii \u00fclekoormatud, et tahaksime broneerida pileti Bahamale.<\/p>\n<p>V\u00f5ta strateegiline l\u00e4henemine ja tikkige \u00e4ra see, mis ei ole tegelikult teie aega v\u00e4\u00e4rt.<\/p>\n<p><em>K\u00f5rvalm\u00e4rkus: eesm\u00e4rkide prioritiseerimisega v\u00f5ib olla vaja harjutada, sest vaikimisi kipume tundma, et k\u00f5ik on v\u00e4ga kiire ja oluline. T\u00f5en\u00e4oliselt on just 20% tegelikult.<\/em><\/p>\n<p>See on hea:<\/p>\n<ul>\n<li>Konkreetsete eesm\u00e4rkide saavutamine<\/li>\n<li>Eesm\u00e4rkide hierarhia m\u00f5istmine<\/li>\n<li>Isiklike eesm\u00e4rkide prioritiseerimine<\/li>\n<li>Ametialaste eesm\u00e4rkide seadmine t\u00e4htsuse j\u00e4rjekorda<\/li>\n<li>L\u00fchi- ja pikaajaliste eesm\u00e4rkide seadmine prioriteediks<\/li>\n<li>Otsuste tegemine oma igap\u00e4evaste \u00fclesannete nimekirja jaoks<\/li>\n<li>Strateegiline ajajuhtimine<\/li>\n<\/ul>\n<p><em>Kui teil on vaja seda kasutada muuks kui isiklikuks otstarbeks, v\u00f5tke minuga \u00fchendust aadressil\u00a0<\/em><a class=\"ProsemirrorEditor-link\" href=\"mailto:info@gretemerlyn.it\" target=\"_blank\" rel=\"noopener noreferrer nofollow\"><em><u>info@gretemerlyn.it<\/u><\/em><\/a><\/p>","protected":false},"excerpt":{"rendered":"<p>\u00dcks leht, l\u00f5pmatult palju t\u00f5husamaid eesm\u00e4rke. See sisaldab 2 meetodit: SMART-eesm\u00e4rkide kontrollnimekiri ja Eisenhoweri prioriteetide maatriks.<\/p>\n<p>Saage lahti, muutuge produktiivseks ja t\u00f5husamaks otsuste tegemisel, kui omandate need kaks eesm\u00e4rkide seadmise tehnikat.<\/p>\n<p><em>Soovin sulle edukat eesm\u00e4rkide saavutamist\u00a0<\/em>\ud83c\udf3b\ud83e\udd29<\/p>","protected":false},"featured_media":2412,"template":"","meta":{"_glsr_average":0,"_glsr_ranking":0,"_glsr_reviews":0},"product_brand":[],"product_cat":[508],"product_tag":[],"class_list":{"0":"post-2414","1":"product","2":"type-product","3":"status-publish","4":"has-post-thumbnail","6":"product_cat-pdf","8":"first","9":"instock","10":"shipping-taxable","11":"product-type-external"},"_links":{"self":[{"href":"https:\/\/www.gretemerlyn.com\/ee\/wp-json\/wp\/v2\/product\/2414","targetHints":{"allow":["GET"]}}],"collection":[{"href":"https:\/\/www.gretemerlyn.com\/ee\/wp-json\/wp\/v2\/product"}],"about":[{"href":"https:\/\/www.gretemerlyn.com\/ee\/wp-json\/wp\/v2\/types\/product"}],"wp:featuredmedia":[{"embeddable":true,"href":"https:\/\/www.gretemerlyn.com\/ee\/wp-json\/wp\/v2\/media\/2412"}],"wp:attachment":[{"href":"https:\/\/www.gretemerlyn.com\/ee\/wp-json\/wp\/v2\/media?parent=2414"}],"wp:term":[{"taxonomy":"product_brand","embeddable":true,"href":"https:\/\/www.gretemerlyn.com\/ee\/wp-json\/wp\/v2\/product_brand?post=2414"},{"taxonomy":"product_cat","embeddable":true,"href":"https:\/\/www.gretemerlyn.com\/ee\/wp-json\/wp\/v2\/product_cat?post=2414"},{"taxonomy":"product_tag","embeddable":true,"href":"https:\/\/www.gretemerlyn.com\/ee\/wp-json\/wp\/v2\/product_tag?post=2414"}],"curies":[{"name":"wp","href":"https:\/\/api.w.org\/{rel}","templated":true}]}}