{"id":2408,"date":"2023-07-14T16:53:26","date_gmt":"2023-07-14T14:53:26","guid":{"rendered":"https:\/\/www.gretemerlyn.it\/?post_type=product&#038;p=2408"},"modified":"2023-07-14T16:53:28","modified_gmt":"2023-07-14T14:53:28","slug":"bulletproof-goal-setting-pdf","status":"publish","type":"product","link":"https:\/\/www.gretemerlyn.com\/ee\/servizio\/bulletproof-goal-setting-pdf\/","title":{"rendered":"Kuulikindel eesm\u00e4rkide seadmine PDF"},"content":{"rendered":"<p><em>Kui tahad seda kasutada muuks kui isiklikuks otstarbeks, v\u00f5ta minuga \u00fchendust aadressil\u00a0<\/em><a href=\"mailto:info@gretemerlyn.it\" target=\"_blank\" rel=\"noopener noreferrer nofollow\"><em><u>info@gretemerlyn.it<\/u><\/em><\/a><\/p>","protected":false},"excerpt":{"rendered":"<p>Sea endale olulised eesm\u00e4rgid je leia veidi selgust. See eesm\u00e4rkide seadmise t\u00f6\u00f6vihik aitab sul enne eesm\u00e4rkide seadmist hinnata oma prioriteete ja tasakaalu.<\/p>\n<p>Hinda 7 peamist eluvaldkonda ja vasta m\u00f5nele k\u00fcsimusele, et\u00a0<strong>saada selgeks eesm\u00e4rgid, mis sulle p\u00e4riselt elukvaliteedile kasuks tulevad ja mis on koosk\u00f5las su eluvisiooniga.<\/strong><\/p>\n<p>T\u00f6\u00f6vihiku l\u00f5ppu pante kirja oma pikaajalised keskmiseajalised ja l\u00fchiajalised eesm\u00e4rgid.<\/p>\n<p>Seda t\u00f6\u00f6vihikut saad kasutada k\u00f5ikide eesm\u00e4rkide saavutamiseks, mis sul on hariduse, \u00e4ri, spordi, tervise, isikliku arengu jne valdkonnas.<\/p>\n<p><em>Soovin sulle edukat eesm\u00e4rkide saavutamist\u00a0<\/em>\ud83c\udf3b\ud83e\udd29<\/p>","protected":false},"featured_media":2410,"template":"","meta":{"_glsr_average":0,"_glsr_ranking":0,"_glsr_reviews":0},"product_brand":[],"product_cat":[508],"product_tag":[],"class_list":{"0":"post-2408","1":"product","2":"type-product","3":"status-publish","4":"has-post-thumbnail","6":"product_cat-pdf","8":"first","9":"instock","10":"shipping-taxable","11":"product-type-external"},"_links":{"self":[{"href":"https:\/\/www.gretemerlyn.com\/ee\/wp-json\/wp\/v2\/product\/2408","targetHints":{"allow":["GET"]}}],"collection":[{"href":"https:\/\/www.gretemerlyn.com\/ee\/wp-json\/wp\/v2\/product"}],"about":[{"href":"https:\/\/www.gretemerlyn.com\/ee\/wp-json\/wp\/v2\/types\/product"}],"wp:featuredmedia":[{"embeddable":true,"href":"https:\/\/www.gretemerlyn.com\/ee\/wp-json\/wp\/v2\/media\/2410"}],"wp:attachment":[{"href":"https:\/\/www.gretemerlyn.com\/ee\/wp-json\/wp\/v2\/media?parent=2408"}],"wp:term":[{"taxonomy":"product_brand","embeddable":true,"href":"https:\/\/www.gretemerlyn.com\/ee\/wp-json\/wp\/v2\/product_brand?post=2408"},{"taxonomy":"product_cat","embeddable":true,"href":"https:\/\/www.gretemerlyn.com\/ee\/wp-json\/wp\/v2\/product_cat?post=2408"},{"taxonomy":"product_tag","embeddable":true,"href":"https:\/\/www.gretemerlyn.com\/ee\/wp-json\/wp\/v2\/product_tag?post=2408"}],"curies":[{"name":"wp","href":"https:\/\/api.w.org\/{rel}","templated":true}]}}