{"id":2407,"date":"2023-07-14T16:51:59","date_gmt":"2023-07-14T14:51:59","guid":{"rendered":"https:\/\/www.gretemerlyn.it\/?post_type=product&#038;p=2407"},"modified":"2023-07-14T16:53:47","modified_gmt":"2023-07-14T14:53:47","slug":"personas-pdf","status":"publish","type":"product","link":"https:\/\/www.gretemerlyn.com\/ee\/servizio\/personas-pdf\/","title":{"rendered":"Isiksused PDF"},"content":{"rendered":"<p><em>Kui tahad seda kasutada muuks kui isiklikuks otstarbeks, v\u00f5ta minuga \u00fchendust aadressil\u00a0<\/em><a href=\"mailto:info@gretemerlyn.it\" target=\"_blank\" rel=\"noopener noreferrer nofollow\"><em><u>info@gretemerlyn.it<\/u><\/em><\/a><\/p>","protected":false},"excerpt":{"rendered":"<p>Kes on teie...<\/p>\n<ul>\n<li>kasutaja persona?<\/li>\n<li>kliendipersoonad?<\/li>\n<li>partneri isiksused?<\/li>\n<li>konkurentide persoonad?<\/li>\n<li>naabri persoonid?<\/li>\n<\/ul>\n<p>Tehke oma Persona uuringuid ja looge oma Personasid h\u00f5lpsasti t\u00e4nu sellele Persona mallile.<\/p>\n<p>See on vahend, mida kasutatakse peamiselt turunduses, et m\u00f5ista, kellega te r\u00e4\u00e4gite, keda te m\u00fc\u00fcte v\u00f5i kes on teie partnerid. See annab t\u00e4iesti uue empaatiav\u00f5ime ja selguse igap\u00e4evase \u00e4ritegevuse ja sotsiaalsete suhete tegemisel.<\/p>\n<p><strong>Alustage oma persona anal\u00fc\u00fcsi selle PDF-vormi abil ja alustage kohe persona-p\u00f5histe turundusstrateegiate v\u00e4ljat\u00f6\u00f6tamist!\u00a0<\/strong><\/p>\n<p><em>Soovin sulle parimat \u00e4riteekonda!<\/em><\/p>","protected":false},"featured_media":2400,"template":"","meta":{"_glsr_average":0,"_glsr_ranking":0,"_glsr_reviews":0},"product_brand":[],"product_cat":[508],"product_tag":[],"class_list":{"0":"post-2407","1":"product","2":"type-product","3":"status-publish","4":"has-post-thumbnail","6":"product_cat-pdf","8":"first","9":"instock","10":"shipping-taxable","11":"product-type-external"},"_links":{"self":[{"href":"https:\/\/www.gretemerlyn.com\/ee\/wp-json\/wp\/v2\/product\/2407","targetHints":{"allow":["GET"]}}],"collection":[{"href":"https:\/\/www.gretemerlyn.com\/ee\/wp-json\/wp\/v2\/product"}],"about":[{"href":"https:\/\/www.gretemerlyn.com\/ee\/wp-json\/wp\/v2\/types\/product"}],"wp:featuredmedia":[{"embeddable":true,"href":"https:\/\/www.gretemerlyn.com\/ee\/wp-json\/wp\/v2\/media\/2400"}],"wp:attachment":[{"href":"https:\/\/www.gretemerlyn.com\/ee\/wp-json\/wp\/v2\/media?parent=2407"}],"wp:term":[{"taxonomy":"product_brand","embeddable":true,"href":"https:\/\/www.gretemerlyn.com\/ee\/wp-json\/wp\/v2\/product_brand?post=2407"},{"taxonomy":"product_cat","embeddable":true,"href":"https:\/\/www.gretemerlyn.com\/ee\/wp-json\/wp\/v2\/product_cat?post=2407"},{"taxonomy":"product_tag","embeddable":true,"href":"https:\/\/www.gretemerlyn.com\/ee\/wp-json\/wp\/v2\/product_tag?post=2407"}],"curies":[{"name":"wp","href":"https:\/\/api.w.org\/{rel}","templated":true}]}}