{"id":2406,"date":"2023-07-14T16:50:05","date_gmt":"2023-07-14T14:50:05","guid":{"rendered":"https:\/\/www.gretemerlyn.it\/?post_type=product&#038;p=2406"},"modified":"2023-07-14T16:50:09","modified_gmt":"2023-07-14T14:50:09","slug":"value-proposition-pdf","status":"publish","type":"product","link":"https:\/\/www.gretemerlyn.com\/ee\/servizio\/value-proposition-pdf\/","title":{"rendered":"V\u00e4\u00e4rtuspakkumine PDF"},"content":{"rendered":"<p><em>Kui teil on vaja seda kasutada muuks kui isiklikuks otstarbeks, v\u00f5tke minuga \u00fchendust aadressil\u00a0<\/em><a href=\"mailto:info@gretemerlyn.it\" target=\"_blank\" rel=\"noopener noreferrer nofollow\"><em><u>info@gretemerlyn.it<\/u><\/em><\/a><\/p>","protected":false},"excerpt":{"rendered":"<p>Planeeri oma t\u00f5husad v\u00e4\u00e4rtuspakkumised selle v\u00e4\u00e4rtuspakkumise l\u00f5uendi abil. See PDF-fail aitab sul t\u00f5mmata joone kliendi kogemuste ja su pakkumiste vahele. Planeeti vastus k\u00fcsimusele:\u00a0<strong>\"miks klient just minu pakkumise peaks valima?\"<\/strong>\u00a0ja kasuta seda l\u00e4htepunktina, et luua selge kommunikatsioon oma tegevuse kohta.<\/p>\n<p><em>Soovin sulle parimat \u00e4riteekonda!<\/em><\/p>","protected":false},"featured_media":2401,"template":"","meta":{"_glsr_average":0,"_glsr_ranking":0,"_glsr_reviews":0},"product_brand":[],"product_cat":[508],"product_tag":[],"class_list":{"0":"post-2406","1":"product","2":"type-product","3":"status-publish","4":"has-post-thumbnail","6":"product_cat-pdf","8":"first","9":"instock","10":"shipping-taxable","11":"product-type-external"},"_links":{"self":[{"href":"https:\/\/www.gretemerlyn.com\/ee\/wp-json\/wp\/v2\/product\/2406","targetHints":{"allow":["GET"]}}],"collection":[{"href":"https:\/\/www.gretemerlyn.com\/ee\/wp-json\/wp\/v2\/product"}],"about":[{"href":"https:\/\/www.gretemerlyn.com\/ee\/wp-json\/wp\/v2\/types\/product"}],"wp:featuredmedia":[{"embeddable":true,"href":"https:\/\/www.gretemerlyn.com\/ee\/wp-json\/wp\/v2\/media\/2401"}],"wp:attachment":[{"href":"https:\/\/www.gretemerlyn.com\/ee\/wp-json\/wp\/v2\/media?parent=2406"}],"wp:term":[{"taxonomy":"product_brand","embeddable":true,"href":"https:\/\/www.gretemerlyn.com\/ee\/wp-json\/wp\/v2\/product_brand?post=2406"},{"taxonomy":"product_cat","embeddable":true,"href":"https:\/\/www.gretemerlyn.com\/ee\/wp-json\/wp\/v2\/product_cat?post=2406"},{"taxonomy":"product_tag","embeddable":true,"href":"https:\/\/www.gretemerlyn.com\/ee\/wp-json\/wp\/v2\/product_tag?post=2406"}],"curies":[{"name":"wp","href":"https:\/\/api.w.org\/{rel}","templated":true}]}}