{"id":2405,"date":"2023-07-14T16:48:46","date_gmt":"2023-07-14T14:48:46","guid":{"rendered":"https:\/\/www.gretemerlyn.it\/?post_type=product&#038;p=2405"},"modified":"2023-07-14T16:48:46","modified_gmt":"2023-07-14T14:48:46","slug":"empathy-map-pdf","status":"publish","type":"product","link":"https:\/\/www.gretemerlyn.com\/ee\/servizio\/empathy-map-pdf\/","title":{"rendered":"Empaatia kaart PDF"},"content":{"rendered":"<p><em>Kui tahad seda kasutada muuks kui isiklikuks otstarbeks, v\u00f5ta minuga \u00fchendust aadressil\u00a0<\/em><a href=\"mailto:info@gretemerlyn.it\" target=\"_blank\" rel=\"noopener noreferrer nofollow\"><em><u>info@gretemerlyn.it<\/u><\/em><\/a><\/p>","protected":false},"excerpt":{"rendered":"<p>Empaatia kaardistamine on kasulik kasutajate m\u00f5istmiseks. Seda kasutatakse sageli turunduses ja kasutajakogemuse kujundamisel. Empaatia kaart aitab meil n\u00e4ha toodet\/teenust\/\u00e4ri\u00fchingut l\u00e4bi\u00a0<strong>nende\u00a0<\/strong>perspektiivi. Kasuta seda meetodit, et anal\u00fc\u00fcsida, kas see, mida pakud, on see, mida nad tahavad ja vajavad, ning kuidas oma pakkumist k\u00f5ige paremini edastada.<\/p>\n<p>Seda saab kasutada intervjuude l\u00e4biviimiseks v\u00f5i isikliku sihtr\u00fchma uurimiseks.<\/p>\n<p><em>Soovin sulle parimat \u00e4riteekonda!<\/em><\/p>","protected":false},"featured_media":2403,"template":"","meta":{"_glsr_average":0,"_glsr_ranking":0,"_glsr_reviews":0},"product_brand":[],"product_cat":[508],"product_tag":[],"class_list":{"0":"post-2405","1":"product","2":"type-product","3":"status-publish","4":"has-post-thumbnail","6":"product_cat-pdf","8":"first","9":"instock","10":"shipping-taxable","11":"product-type-external"},"_links":{"self":[{"href":"https:\/\/www.gretemerlyn.com\/ee\/wp-json\/wp\/v2\/product\/2405","targetHints":{"allow":["GET"]}}],"collection":[{"href":"https:\/\/www.gretemerlyn.com\/ee\/wp-json\/wp\/v2\/product"}],"about":[{"href":"https:\/\/www.gretemerlyn.com\/ee\/wp-json\/wp\/v2\/types\/product"}],"wp:featuredmedia":[{"embeddable":true,"href":"https:\/\/www.gretemerlyn.com\/ee\/wp-json\/wp\/v2\/media\/2403"}],"wp:attachment":[{"href":"https:\/\/www.gretemerlyn.com\/ee\/wp-json\/wp\/v2\/media?parent=2405"}],"wp:term":[{"taxonomy":"product_brand","embeddable":true,"href":"https:\/\/www.gretemerlyn.com\/ee\/wp-json\/wp\/v2\/product_brand?post=2405"},{"taxonomy":"product_cat","embeddable":true,"href":"https:\/\/www.gretemerlyn.com\/ee\/wp-json\/wp\/v2\/product_cat?post=2405"},{"taxonomy":"product_tag","embeddable":true,"href":"https:\/\/www.gretemerlyn.com\/ee\/wp-json\/wp\/v2\/product_tag?post=2405"}],"curies":[{"name":"wp","href":"https:\/\/api.w.org\/{rel}","templated":true}]}}