{"id":2399,"date":"2023-07-14T16:46:33","date_gmt":"2023-07-14T14:46:33","guid":{"rendered":"https:\/\/www.gretemerlyn.it\/?post_type=product&#038;p=2399"},"modified":"2023-07-14T16:49:10","modified_gmt":"2023-07-14T14:49:10","slug":"business-model-canvas-pdf","status":"publish","type":"product","link":"https:\/\/www.gretemerlyn.com\/ee\/servizio\/business-model-canvas-pdf\/","title":{"rendered":"\u00c4rimudeli l\u00f5uend PDF"},"content":{"rendered":"<p><em>Kui tahad seda kasutada muuks kui isiklikuks otstarbeks, v\u00f5ta minuga \u00fchendust aadressil\u00a0<\/em><a href=\"mailto:info@gretemerlyn.it\" target=\"_blank\" rel=\"noopener noreferrer nofollow\"><em><u>info@gretemerlyn.it<\/u><\/em><\/a><\/p>","protected":false},"excerpt":{"rendered":"<p>Lae alla see \u00e4rimudeli PDF-vorm ja alusta oma \u00e4ristrateegia rakendamist.<\/p>\n<p><em>Soovin sulle parimat \u00e4riteekonda!<\/em><\/p>","protected":false},"featured_media":2402,"template":"","meta":{"_glsr_average":0,"_glsr_ranking":0,"_glsr_reviews":0},"product_brand":[],"product_cat":[508],"product_tag":[],"class_list":{"0":"post-2399","1":"product","2":"type-product","3":"status-publish","4":"has-post-thumbnail","6":"product_cat-pdf","8":"first","9":"instock","10":"shipping-taxable","11":"product-type-external"},"_links":{"self":[{"href":"https:\/\/www.gretemerlyn.com\/ee\/wp-json\/wp\/v2\/product\/2399","targetHints":{"allow":["GET"]}}],"collection":[{"href":"https:\/\/www.gretemerlyn.com\/ee\/wp-json\/wp\/v2\/product"}],"about":[{"href":"https:\/\/www.gretemerlyn.com\/ee\/wp-json\/wp\/v2\/types\/product"}],"wp:featuredmedia":[{"embeddable":true,"href":"https:\/\/www.gretemerlyn.com\/ee\/wp-json\/wp\/v2\/media\/2402"}],"wp:attachment":[{"href":"https:\/\/www.gretemerlyn.com\/ee\/wp-json\/wp\/v2\/media?parent=2399"}],"wp:term":[{"taxonomy":"product_brand","embeddable":true,"href":"https:\/\/www.gretemerlyn.com\/ee\/wp-json\/wp\/v2\/product_brand?post=2399"},{"taxonomy":"product_cat","embeddable":true,"href":"https:\/\/www.gretemerlyn.com\/ee\/wp-json\/wp\/v2\/product_cat?post=2399"},{"taxonomy":"product_tag","embeddable":true,"href":"https:\/\/www.gretemerlyn.com\/ee\/wp-json\/wp\/v2\/product_tag?post=2399"}],"curies":[{"name":"wp","href":"https:\/\/api.w.org\/{rel}","templated":true}]}}