{"id":2398,"date":"2023-07-14T16:44:01","date_gmt":"2023-07-14T14:44:01","guid":{"rendered":"https:\/\/www.gretemerlyn.it\/?post_type=product&#038;p=2398"},"modified":"2023-07-14T16:44:41","modified_gmt":"2023-07-14T14:44:41","slug":"mission-and-vision-pdf","status":"publish","type":"product","link":"https:\/\/www.gretemerlyn.com\/ee\/servizio\/mission-and-vision-pdf\/","title":{"rendered":"Missioon ja visioon PDF"},"content":{"rendered":"<p><em>Kui teil on vaja seda kasutada muuks kui isiklikuks otstarbeks, v\u00f5tke minuga \u00fchendust aadressil\u00a0<\/em><a class=\"ProsemirrorEditor-link\" href=\"mailto:info@gretemerlyn.it\" target=\"_blank\" rel=\"noopener noreferrer nofollow\"><em><u>info@gretemerlyn.it<\/u><\/em><\/a><\/p>","protected":false},"excerpt":{"rendered":"<p>See missiooni ja visiooni PDF-vorm aitab sul <strong>leida selged prioriteedid.<\/strong>\u00a0V\u00f5ta endale aega, et selle kallal t\u00f5siselt m\u00f5tiskleda.<\/p>\n<p>Milline on su visioon? Mis on su missioon? Ja kuidas sa tead sinna minna?<\/p>\n<p><em>Soovin sulle edukat eesm\u00e4rkide saavutamist\u00a0<\/em>\ud83c\udf3b\ud83e\udd29<\/p>","protected":false},"featured_media":2393,"template":"","meta":{"_glsr_average":0,"_glsr_ranking":0,"_glsr_reviews":0},"product_brand":[],"product_cat":[508],"product_tag":[],"class_list":{"0":"post-2398","1":"product","2":"type-product","3":"status-publish","4":"has-post-thumbnail","6":"product_cat-pdf","8":"first","9":"instock","10":"shipping-taxable","11":"product-type-external"},"_links":{"self":[{"href":"https:\/\/www.gretemerlyn.com\/ee\/wp-json\/wp\/v2\/product\/2398","targetHints":{"allow":["GET"]}}],"collection":[{"href":"https:\/\/www.gretemerlyn.com\/ee\/wp-json\/wp\/v2\/product"}],"about":[{"href":"https:\/\/www.gretemerlyn.com\/ee\/wp-json\/wp\/v2\/types\/product"}],"wp:featuredmedia":[{"embeddable":true,"href":"https:\/\/www.gretemerlyn.com\/ee\/wp-json\/wp\/v2\/media\/2393"}],"wp:attachment":[{"href":"https:\/\/www.gretemerlyn.com\/ee\/wp-json\/wp\/v2\/media?parent=2398"}],"wp:term":[{"taxonomy":"product_brand","embeddable":true,"href":"https:\/\/www.gretemerlyn.com\/ee\/wp-json\/wp\/v2\/product_brand?post=2398"},{"taxonomy":"product_cat","embeddable":true,"href":"https:\/\/www.gretemerlyn.com\/ee\/wp-json\/wp\/v2\/product_cat?post=2398"},{"taxonomy":"product_tag","embeddable":true,"href":"https:\/\/www.gretemerlyn.com\/ee\/wp-json\/wp\/v2\/product_tag?post=2398"}],"curies":[{"name":"wp","href":"https:\/\/api.w.org\/{rel}","templated":true}]}}