{"id":2397,"date":"2023-07-14T16:42:53","date_gmt":"2023-07-14T14:42:53","guid":{"rendered":"https:\/\/www.gretemerlyn.it\/?post_type=product&#038;p=2397"},"modified":"2023-07-14T16:46:45","modified_gmt":"2023-07-14T14:46:45","slug":"self-identification-pdf","status":"publish","type":"product","link":"https:\/\/www.gretemerlyn.com\/ee\/servizio\/self-identification-pdf\/","title":{"rendered":"\"Kes ma olen?\" PDF"},"content":{"rendered":"<p><em>Kui tahad seda kasutada muuks kui isiklikuks otstarbeks, v\u00f5ta minuga \u00fchendust aadressil\u00a0<\/em><a href=\"mailto:info@gretemerlyn.it\" target=\"_blank\" rel=\"noopener noreferrer nofollow\"><em><u>info@gretemerlyn.it<\/u><\/em><\/a><\/p>","protected":false},"excerpt":{"rendered":"<p>See on eneseteadlikkuse harjutus: uurige k\u00f5iki etikette, millega sa end samastad, anal\u00fc\u00fcsige, kes teised tahavad, et sa oleksid, ja kuidas sa tegelikult oled n\u00f5us ennast identifitseerima.<\/p>\n<p>See eneseanal\u00fc\u00fcsi tehnika on lihtne ja otsekohene.<\/p>\n<p><em>Soovin sulle autentseid ja p\u00f5nevaid eneseavastusi!<\/em><\/p>","protected":false},"featured_media":2391,"template":"","meta":{"_glsr_average":0,"_glsr_ranking":0,"_glsr_reviews":0},"product_brand":[],"product_cat":[508],"product_tag":[],"class_list":{"0":"post-2397","1":"product","2":"type-product","3":"status-publish","4":"has-post-thumbnail","6":"product_cat-pdf","8":"first","9":"instock","10":"shipping-taxable","11":"product-type-external"},"_links":{"self":[{"href":"https:\/\/www.gretemerlyn.com\/ee\/wp-json\/wp\/v2\/product\/2397","targetHints":{"allow":["GET"]}}],"collection":[{"href":"https:\/\/www.gretemerlyn.com\/ee\/wp-json\/wp\/v2\/product"}],"about":[{"href":"https:\/\/www.gretemerlyn.com\/ee\/wp-json\/wp\/v2\/types\/product"}],"wp:featuredmedia":[{"embeddable":true,"href":"https:\/\/www.gretemerlyn.com\/ee\/wp-json\/wp\/v2\/media\/2391"}],"wp:attachment":[{"href":"https:\/\/www.gretemerlyn.com\/ee\/wp-json\/wp\/v2\/media?parent=2397"}],"wp:term":[{"taxonomy":"product_brand","embeddable":true,"href":"https:\/\/www.gretemerlyn.com\/ee\/wp-json\/wp\/v2\/product_brand?post=2397"},{"taxonomy":"product_cat","embeddable":true,"href":"https:\/\/www.gretemerlyn.com\/ee\/wp-json\/wp\/v2\/product_cat?post=2397"},{"taxonomy":"product_tag","embeddable":true,"href":"https:\/\/www.gretemerlyn.com\/ee\/wp-json\/wp\/v2\/product_tag?post=2397"}],"curies":[{"name":"wp","href":"https:\/\/api.w.org\/{rel}","templated":true}]}}