{"id":2388,"date":"2023-07-14T16:34:17","date_gmt":"2023-07-14T14:34:17","guid":{"rendered":"https:\/\/www.gretemerlyn.it\/?post_type=product&#038;p=2388"},"modified":"2023-07-14T16:39:00","modified_gmt":"2023-07-14T14:39:00","slug":"discover-your-core-values-pdf","status":"publish","type":"product","link":"https:\/\/www.gretemerlyn.com\/ee\/servizio\/discover-your-core-values-pdf\/","title":{"rendered":"Avasta oma p\u00f5hiv\u00e4\u00e4rtused PDF"},"content":{"rendered":"<p><em>Kui tahad seda kasutada muuks kui isiklikuks otstarbeks, v\u00f5ta minuga \u00fchendust aadressil\u00a0<\/em><a href=\"mailto:info@gretemerlyn.it\" target=\"_blank\" rel=\"noopener noreferrer nofollow\"><em><u>info@gretemerlyn.it<\/u><\/em><\/a><\/p>","protected":false},"excerpt":{"rendered":"<p>P\u00f5hiv\u00e4\u00e4rtuste leidmine polekski lihtsam: laadige alla p\u00f5hiv\u00e4\u00e4rtuste PDF-t\u00f6\u00f6leht ja tehke harjutusi.<\/p>\n<p>See on lihtne ja kindel meetod oma v\u00e4\u00e4rtuste tundma\u00f5ppimiseks.<\/p>\n<p>Kokku on 5 lehek\u00fclge 9 harjutusega. V\u00f5tke endale veidi h\u00e4irimatut aega ja t\u00f6\u00f6tage selle kallal, mis teid tegelikult motiveerib.<\/p>\n<p><em>Soovin sulle autentseid ja p\u00f5nevaid eneseavastusi!<\/em><\/p>","protected":false},"featured_media":2389,"template":"","meta":{"_glsr_average":0,"_glsr_ranking":0,"_glsr_reviews":0},"product_brand":[],"product_cat":[508],"product_tag":[],"class_list":{"0":"post-2388","1":"product","2":"type-product","3":"status-publish","4":"has-post-thumbnail","6":"product_cat-pdf","8":"first","9":"instock","10":"shipping-taxable","11":"product-type-external"},"_links":{"self":[{"href":"https:\/\/www.gretemerlyn.com\/ee\/wp-json\/wp\/v2\/product\/2388","targetHints":{"allow":["GET"]}}],"collection":[{"href":"https:\/\/www.gretemerlyn.com\/ee\/wp-json\/wp\/v2\/product"}],"about":[{"href":"https:\/\/www.gretemerlyn.com\/ee\/wp-json\/wp\/v2\/types\/product"}],"wp:featuredmedia":[{"embeddable":true,"href":"https:\/\/www.gretemerlyn.com\/ee\/wp-json\/wp\/v2\/media\/2389"}],"wp:attachment":[{"href":"https:\/\/www.gretemerlyn.com\/ee\/wp-json\/wp\/v2\/media?parent=2388"}],"wp:term":[{"taxonomy":"product_brand","embeddable":true,"href":"https:\/\/www.gretemerlyn.com\/ee\/wp-json\/wp\/v2\/product_brand?post=2388"},{"taxonomy":"product_cat","embeddable":true,"href":"https:\/\/www.gretemerlyn.com\/ee\/wp-json\/wp\/v2\/product_cat?post=2388"},{"taxonomy":"product_tag","embeddable":true,"href":"https:\/\/www.gretemerlyn.com\/ee\/wp-json\/wp\/v2\/product_tag?post=2388"}],"curies":[{"name":"wp","href":"https:\/\/api.w.org\/{rel}","templated":true}]}}