{"id":2251,"date":"2023-03-21T17:52:34","date_gmt":"2023-03-21T16:52:34","guid":{"rendered":"https:\/\/www.gretemerlyn.it\/?post_type=product&#038;p=2251"},"modified":"2023-06-15T12:13:12","modified_gmt":"2023-06-15T10:13:12","slug":"human-design-bodygraph-tool-pdf","status":"publish","type":"product","link":"https:\/\/www.gretemerlyn.com\/ee\/servizio\/human-design-bodygraph-tool-pdf\/","title":{"rendered":"Human Design Bodygraph t\u00f6\u00f6riist PDF"},"content":{"rendered":"","protected":false},"excerpt":{"rendered":"<p><strong>See PDF sisaldab<\/strong> t\u00fchi Human Design Bodygraphi leht, mille m\u00f5lemal k\u00fcljel on planeedis\u00fcmbolid.<\/p>\n<p>Loovusel ei ole piire, v\u00e4rvige, t\u00e4itke, joonistage oma muutujaid ja nautige.<\/p>","protected":false},"featured_media":2245,"template":"","meta":{"_glsr_average":0,"_glsr_ranking":0,"_glsr_reviews":0},"product_brand":[],"product_cat":[508],"product_tag":[517],"class_list":{"0":"post-2251","1":"product","2":"type-product","3":"status-publish","4":"has-post-thumbnail","6":"product_cat-pdf","7":"product_tag-freebie","9":"first","10":"instock","11":"shipping-taxable","12":"product-type-external"},"_links":{"self":[{"href":"https:\/\/www.gretemerlyn.com\/ee\/wp-json\/wp\/v2\/product\/2251","targetHints":{"allow":["GET"]}}],"collection":[{"href":"https:\/\/www.gretemerlyn.com\/ee\/wp-json\/wp\/v2\/product"}],"about":[{"href":"https:\/\/www.gretemerlyn.com\/ee\/wp-json\/wp\/v2\/types\/product"}],"wp:featuredmedia":[{"embeddable":true,"href":"https:\/\/www.gretemerlyn.com\/ee\/wp-json\/wp\/v2\/media\/2245"}],"wp:attachment":[{"href":"https:\/\/www.gretemerlyn.com\/ee\/wp-json\/wp\/v2\/media?parent=2251"}],"wp:term":[{"taxonomy":"product_brand","embeddable":true,"href":"https:\/\/www.gretemerlyn.com\/ee\/wp-json\/wp\/v2\/product_brand?post=2251"},{"taxonomy":"product_cat","embeddable":true,"href":"https:\/\/www.gretemerlyn.com\/ee\/wp-json\/wp\/v2\/product_cat?post=2251"},{"taxonomy":"product_tag","embeddable":true,"href":"https:\/\/www.gretemerlyn.com\/ee\/wp-json\/wp\/v2\/product_tag?post=2251"}],"curies":[{"name":"wp","href":"https:\/\/api.w.org\/{rel}","templated":true}]}}