{"id":2244,"date":"2023-03-21T17:42:39","date_gmt":"2023-03-21T16:42:39","guid":{"rendered":"https:\/\/www.gretemerlyn.it\/?post_type=product&#038;p=2244"},"modified":"2023-06-15T12:13:12","modified_gmt":"2023-06-15T10:13:12","slug":"human-design-centers-pdf","status":"publish","type":"product","link":"https:\/\/www.gretemerlyn.com\/ee\/servizio\/human-design-centers-pdf\/","title":{"rendered":"Human Designi keskused PDF"},"content":{"rendered":"","protected":false},"excerpt":{"rendered":"<p><em>Praegu saadaval ainult inglise keeles.<\/em><\/p>\n<p><strong>Sisaldab:<\/strong><\/p>\n<ul>\n<li>9 lehek\u00fclge koos Human Designi keskustega: Pea, Ajna, Kurk, G, S\u00fcda, P\u00f5rn, Sakraalne, P\u00e4ikesepleksus ja Juur.<\/li>\n<li>Iga\u00fchele on lisatud teema kirjeldus, m\u00e4\u00e4ratlused, not-self ja v\u00e4ljakutsed.<\/li>\n<li>Iga\u00fcks neist koos 64 omaduse l\u00fchikirjeldusega<\/li>\n<\/ul>","protected":false},"featured_media":2246,"template":"","meta":{"_glsr_average":0,"_glsr_ranking":0,"_glsr_reviews":0},"product_brand":[],"product_cat":[508],"product_tag":[517],"class_list":{"0":"post-2244","1":"product","2":"type-product","3":"status-publish","4":"has-post-thumbnail","6":"product_cat-pdf","7":"product_tag-freebie","9":"first","10":"instock","11":"shipping-taxable","12":"product-type-external"},"_links":{"self":[{"href":"https:\/\/www.gretemerlyn.com\/ee\/wp-json\/wp\/v2\/product\/2244","targetHints":{"allow":["GET"]}}],"collection":[{"href":"https:\/\/www.gretemerlyn.com\/ee\/wp-json\/wp\/v2\/product"}],"about":[{"href":"https:\/\/www.gretemerlyn.com\/ee\/wp-json\/wp\/v2\/types\/product"}],"wp:featuredmedia":[{"embeddable":true,"href":"https:\/\/www.gretemerlyn.com\/ee\/wp-json\/wp\/v2\/media\/2246"}],"wp:attachment":[{"href":"https:\/\/www.gretemerlyn.com\/ee\/wp-json\/wp\/v2\/media?parent=2244"}],"wp:term":[{"taxonomy":"product_brand","embeddable":true,"href":"https:\/\/www.gretemerlyn.com\/ee\/wp-json\/wp\/v2\/product_brand?post=2244"},{"taxonomy":"product_cat","embeddable":true,"href":"https:\/\/www.gretemerlyn.com\/ee\/wp-json\/wp\/v2\/product_cat?post=2244"},{"taxonomy":"product_tag","embeddable":true,"href":"https:\/\/www.gretemerlyn.com\/ee\/wp-json\/wp\/v2\/product_tag?post=2244"}],"curies":[{"name":"wp","href":"https:\/\/api.w.org\/{rel}","templated":true}]}}