{"id":2680,"date":"2025-03-21T15:14:54","date_gmt":"2025-03-21T14:14:54","guid":{"rendered":"https:\/\/www.gretemerlyn.com\/?page_id=2680"},"modified":"2025-05-14T14:55:01","modified_gmt":"2025-05-14T12:55:01","slug":"business","status":"publish","type":"page","link":"https:\/\/www.gretemerlyn.com\/ee\/business\/","title":{"rendered":"Training &#038; Coaching for Businesses"},"content":{"rendered":"<section class=\"vc_section vc_custom_1698075265433 vc_section-has-fill\"><div data-midnight=\"dark-title\" class=\"row wpb_row row-fluid vc_custom_1742552185813 row-o-content-middle row-flex\"><div class=\"wpb_column columns medium-12 thb-dark-column small-12\"><div class=\"vc_column-inner\"><div class=\"wpb_wrapper\"><div class=\"vc_empty_space\" id=\"thb-empty-space-69eced74e9ee0\"  style=\"height: 120px\" ><span class=\"vc_empty_space_inner\"><\/span><\/div>\n<style>\n\t@media screen and (max-width: 640px) {\n\t\t#thb-empty-space-69eced74e9ee0 {\n\t\t\theight: 120px !important;\n\t\t}\n\t}\n<\/style>\n\t<div class=\"vc_empty_space\" id=\"thb-empty-space-69eced74e9f0d\"  style=\"height: 30px\" ><span class=\"vc_empty_space_inner\"><\/span><\/div>\n<h1 style=\"color: #333300;text-align: center\" class=\"vc_custom_heading vc_do_custom_heading\" >Tugev \u00e4ri algab siit.<\/h1><div class=\"vc_empty_space\" id=\"thb-empty-space-69eced74e9fcd\"  style=\"height: 30px\" ><span class=\"vc_empty_space_inner\"><\/span><\/div>\n<div style=\"font-size: 1.5em;color: #A291FF;line-height: 1.4em;text-align: center\" class=\"vc_custom_heading vc_do_custom_heading\" >Praktilised, inspireerivad ja isikup\u00e4rased koolitused ja coaching-programmid, mis toetavad tulemusi, suhtlust ja t\u00f6\u00f6kultuuri seestpoolt v\u00e4ljapoole.<\/div><div class=\"vc_empty_space\" id=\"thb-empty-space-69eced74ea025\"  style=\"height: 30px\" ><span class=\"vc_empty_space_inner\"><\/span><\/div>\n\n\t<div class=\"wpb_text_column wpb_content_element\">\n\t\t<div class=\"wpb_wrapper\">\n\t\t\t<p>Teen koost\u00f6\u00f6d ettev\u00f5tete ja organisatsioonidega, et arendada <strong>teadlikke juhte, motiveeritud t\u00f6\u00f6tajaid ja t\u00f6\u00f6\u00f5hkkonda<\/strong>, mis toetab nii <strong>tulemuslikkust<\/strong> kui ka <strong>heaolu.\u00a0<\/strong>Minu koolitus- ja coaching-programmid pakuvad praktilisi t\u00f6\u00f6riistu <strong>motivatsiooni, suhtluse ja tulemuslikkuse parandamiseks.<\/strong><\/p>\n<p>Iga programm on kohandatud vastavalt teie ettev\u00f5tte vajadustele ja loodud pikaajalise m\u00f5ju saavutamiseks. Olgu eesm\u00e4rgiks ajajuhtimise optimeerimine, juhtimisoskuste arendamine v\u00f5i t\u00f6\u00f6kultuuri tugevdamine\u2014olen siin, et toetada.<\/p>\n<h3>Miks investeerida koolitusse ja coachingusse?<\/h3>\n<p><strong>\u2714\ufe0f<\/strong> <strong>Tugevam juhtimine:<\/strong> Paremad otsused ja \u00fchtsemad tiimid.<\/p>\n<p><strong>\u2714\ufe0f<\/strong> <strong>T\u00f5husam suhtlus:<\/strong> V\u00e4hem konflikte, rohkem koost\u00f6\u00f6d ja kaasatust.<\/p>\n<p><strong>\u2714\ufe0f Suurem tulemuslikkus: <\/strong>Parem ajajuhtimine, rohkem keskendumist ja v\u00e4hem stressi.<\/p>\n<p><strong>\u2714\ufe0f Rahulolevamad t\u00f6\u00f6tajad: <\/strong>V\u00e4hem l\u00e4bip\u00f5lemist, rohkem motivatsiooni ja suurem t\u00f6\u00f6tajate p\u00fcsimine.<\/p>\n<p>&nbsp;<\/p>\n<h3 data-start=\"2139\" data-end=\"2168\"><span style=\"color: #a291ff;\"><strong data-start=\"2139\" data-end=\"2166\"><span class=\"_fadeIn_m1hgl_8\">Kellele <\/span><span class=\"_fadeIn_m1hgl_8\">see <\/span><span class=\"_fadeIn_m1hgl_8\">aadressil <\/span><span class=\"_fadeIn_m1hgl_8\">m\u00f5eldud:<\/span><\/strong><\/span><\/h3>\n<ul data-start=\"2169\" data-end=\"2526\">\n<li data-start=\"2169\" data-end=\"2277\">\n<p data-start=\"2171\" data-end=\"2277\"><span class=\"_fadeIn_m1hgl_8\">V\u00e4ike- <\/span><span class=\"_fadeIn_m1hgl_8\">ja <\/span><span class=\"_fadeIn_m1hgl_8\">keskmise <\/span><span class=\"_fadeIn_m1hgl_8\">suurusega <\/span><span class=\"_fadeIn_m1hgl_8\">ettev\u00f5tted, <\/span><span class=\"_fadeIn_m1hgl_8\">kes <\/span><span class=\"_fadeIn_m1hgl_8\">panustavad <\/span><span class=\"_fadeIn_m1hgl_8\">teadlikku <\/span><span class=\"_fadeIn_m1hgl_8\">juhtimisse <\/span><span class=\"_fadeIn_m1hgl_8\">ja <\/span><span class=\"_fadeIn_m1hgl_8\">organisatsioonikultuuri.<\/span><\/p>\n<\/li>\n<li data-start=\"2278\" data-end=\"2351\">\n<p data-start=\"2280\" data-end=\"2351\"><span class=\"_fadeIn_m1hgl_8\">Personaliosakonnad, <\/span><span class=\"_fadeIn_m1hgl_8\">kes <\/span><span class=\"_fadeIn_m1hgl_8\">otsivad <\/span><span class=\"_fadeIn_m1hgl_8\">sisukaid <\/span><span class=\"_fadeIn_m1hgl_8\">ja <\/span><span class=\"_fadeIn_m1hgl_8\">m\u00f5jusaid <\/span><span class=\"_fadeIn_m1hgl_8\">arendustegevusi.<\/span><\/p>\n<\/li>\n<li data-start=\"2352\" data-end=\"2442\">\n<p data-start=\"2354\" data-end=\"2442\"><span class=\"_fadeIn_m1hgl_8\">Ettev\u00f5tjad <\/span><span class=\"_fadeIn_m1hgl_8\">ja <\/span><span class=\"_fadeIn_m1hgl_8\">tiimijuhid, <\/span><span class=\"_fadeIn_m1hgl_8\">kes <\/span><span class=\"_fadeIn_m1hgl_8\">soovivad <\/span><span class=\"_fadeIn_m1hgl_8\">parandada <\/span><span class=\"_fadeIn_m1hgl_8\">koost\u00f6\u00f6d, <\/span><span class=\"_fadeIn_m1hgl_8\">suhtlemist <\/span><span class=\"_fadeIn_m1hgl_8\">ja <\/span><span class=\"_fadeIn_m1hgl_8\">energiataset.<\/span><\/p>\n<\/li>\n<li data-start=\"2443\" data-end=\"2526\">\n<p data-start=\"2445\" data-end=\"2526\"><span class=\"_fadeIn_m1hgl_8\">Eesm\u00e4rgip\u00f5hised <\/span><span class=\"_fadeIn_m1hgl_8\">organisatsioonid, <\/span><span class=\"_fadeIn_m1hgl_8\">kes <\/span><span class=\"_fadeIn_m1hgl_8\">v\u00e4\u00e4rtustavad <\/span><span class=\"_fadeIn_m1hgl_8\">j\u00e4tkusuutlikku <\/span><span class=\"_fadeIn_m1hgl_8\">tulemuslikkust.<\/span><\/p>\n<\/li>\n<\/ul>\n\n\t\t<\/div>\n\t<\/div>\n<div class=\"vc_empty_space\" id=\"thb-empty-space-69eced74ea147\"  style=\"height: 10px\" ><span class=\"vc_empty_space_inner\"><\/span><\/div>\n<\/div><\/div><\/div><\/div><div id=\"top-btns\" data-midnight=\"dark-title\" class=\"row wpb_row row-fluid vc_custom_1742560845380\"><div class=\"wpb_column columns medium-12 thb-dark-column small-12\"><div class=\"vc_column-inner\"><div class=\"wpb_wrapper\">\t<a class=\"btn thb-pill-style  accent   small\" href=\"#training\" target=\"_self\" role=\"button\" title=\"Koolitusprogrammid\"><span>Koolitusprogrammid<\/span><\/a>\n\n\t\t<a class=\"btn thb-pill-style  accent   small\" href=\"#coaching\" target=\"_self\" role=\"button\" title=\"Team &amp; Leadership Coaching\"><span>Team &amp; Leadership Coaching<\/span><\/a>\n\n\t<\/div><\/div><\/div><\/div><\/section><div data-midnight=\"dark-title\" class=\"row wpb_row row-fluid\"><div class=\"wpb_column columns medium-12 thb-dark-column small-12\"><div class=\"vc_column-inner\"><div class=\"wpb_wrapper\"><div class=\"vc_empty_space\" id=\"thb-empty-space-69eced74ea38c\"  style=\"height: 60px\" ><span class=\"vc_empty_space_inner\"><\/span><\/div>\n\n\t<div class=\"wpb_text_column wpb_content_element\">\n\t\t<div class=\"wpb_wrapper\">\n\t\t\t<p style=\"text-align: center;\" class=\"translation-block\"><em>Usaldanud on mind juba \u00fcle 120 juhi ja ettev\u00f5tja \u00fcle kogu Euroopa ja kaugemalgi.<\/em><\/p>\n\n\t\t<\/div>\n\t<\/div>\n<\/div><\/div><\/div><\/div><div id=\"training\" data-midnight=\"dark-title\" class=\"row wpb_row row-fluid\"><div class=\"wpb_column columns medium-12 thb-dark-column small-12\"><div class=\"vc_column-inner\"><div class=\"wpb_wrapper\"><div class=\"vc_empty_space\" id=\"thb-empty-space-69eced74ea488\"  style=\"height: 90px\" ><span class=\"vc_empty_space_inner\"><\/span><\/div>\n<h2 style=\"font-size: 3em;color: #333300;line-height: 1.4em;text-align: center\" class=\"vc_custom_heading vc_do_custom_heading\" >Koolitusprogrammid<\/h2><div class=\"vc_empty_space\" id=\"thb-empty-space-69eced74ea4de\"  style=\"height: 30px\" ><span class=\"vc_empty_space_inner\"><\/span><\/div>\n\n\t<div class=\"wpb_text_column wpb_content_element\">\n\t\t<div class=\"wpb_wrapper\">\n\t\t\t<p style=\"text-align: center;\">Kestused on orienteeruvad. Iga moodulit saab kohandada l\u00fchivormiks v\u00f5i s\u00fcvitsiminevaks t\u00f6\u00f6toaks.<\/p>\n\n\t\t<\/div>\n\t<\/div>\n<div class=\"vc_empty_space\" id=\"thb-empty-space-69eced74ea517\"  style=\"height: 30px\" ><span class=\"vc_empty_space_inner\"><\/span><\/div>\n\n\t<div class=\"wpb_text_column wpb_content_element   vc_custom_1743005718099\">\n\t\t<div class=\"wpb_wrapper\">\n\t\t\t<h3><span style=\"color: #a291ff;\">01. Juhtimine: terve ettev\u00f5ttekultuuri loomine<\/span><\/h3>\n<p>Juhtidele m\u00f5eldud programm, mis keskendub suhtlemisoskuste arendamisele, ettev\u00f5tte v\u00e4\u00e4rtuste tugevdamisele ja produktiivse t\u00f6\u00f6kultuuri loomisele.<\/p>\n<p><strong>\ud83d\udd18 Ettev\u00f5tte V\u00e4\u00e4rtused: <\/strong>Defineeri ja juuruta oma ettev\u00f5tte v\u00e4\u00e4rtused.\u00a0<span style=\"color: #a291ff;\">1:30<\/span><\/p>\n<p><strong>\ud83d\udd18 T\u00f6\u00f6heaolu: <\/strong>Strateegiad t\u00f6\u00f6tajate kaasamise ja tulemuslikkuse t\u00f5stmiseks. \u00a0<span style=\"color: #a291ff;\">1:30<\/span><\/p>\n<p><strong>\ud83d\udd18 Avalik Esinemine &amp; Suhtlemine: <\/strong>Esine enesekindlalt ja m\u00f5jusalt. \u00a0<span style=\"color: #a291ff;\">1:30<\/span><\/p>\n<p><strong>\ud83d\udd18 Paraverbaalne &amp; Mitteverbaalne M\u00f5ju: <\/strong>Kasuta h\u00e4\u00e4lt ja kehakeelt efektiivselt.\u00a0<span style=\"color: #a291ff;\">1:30<\/span><\/p>\n\n\t\t<\/div>\n\t<\/div>\n<div class=\"vc_empty_space\" id=\"thb-empty-space-69eced74ea5c1\"  style=\"height: 30px\" ><span class=\"vc_empty_space_inner\"><\/span><\/div>\n<\/div><\/div><\/div><\/div><div data-midnight=\"dark-title\" class=\"row wpb_row row-fluid\"><div class=\"wpb_column columns medium-12 thb-dark-column small-12\"><div class=\"vc_column-inner\"><div class=\"wpb_wrapper\">\n\t<div class=\"wpb_text_column wpb_content_element   vc_custom_1742563782957\">\n\t\t<div class=\"wpb_wrapper\">\n\t\t\t<h3><span style=\"color: #a291ff;\">02. T\u00f6\u00f6heaolu: tasakaalustatud &amp; inspireeriv t\u00f6\u00f6keskkond<\/span><\/h3>\n<p>Alates enesekorraldusest kuni emotsionaalse intelligentsuseni, see programm pakub praktilisi t\u00f6\u00f6riistu stressi juhtimiseks, vastupidavuse arendamiseks ja j\u00e4tkusuutliku t\u00f6\u00f6kultuuri loomiseks.<\/p>\n<p><strong>\ud83d\udd18 Aktiivne sisemine kuulamine: <\/strong>Suurenda teadlikkust enda ja oma t\u00f6\u00f6stiili suhtes.\u00a0<span style=\"color: #a291ff;\">1:30<\/span><\/p>\n<p><strong>\ud83d\udd18 Eneseanal\u00fc\u00fcs: <\/strong>M\u00f5tete ja emotsioonide anal\u00fc\u00fcs enesejuhtimise ja tasakaalu saavutamiseks.\u00a0<span style=\"color: #a291ff;\">1:00<\/span><\/p>\n<p><strong>\ud83d\udd18 Efektiivsed &amp; J\u00e4tkusuutlikud Harjumused: <\/strong>Loo produktiivsed rutiinid, mis toetavad pikaajalist edu.\u00a0<span style=\"color: #a291ff;\">1:00<\/span><\/p>\n<p><strong>\ud83d\udd18 M\u00f5tteviis &amp; Energia: <\/strong>Tehnikad vaimse ja f\u00fc\u00fcsilise heaolu toetamiseks.\u00a0<span style=\"color: #a291ff;\">1:00<\/span><\/p>\n<p><strong>\ud83d\udd18 Stressijuhtimine: <\/strong>Praktilised meetodid rahu ja keskendumise s\u00e4ilitamiseks.\u00a0<span style=\"color: #a291ff;\">1:00<\/span><\/p>\n<p><strong>\ud83d\udd18 Emotsionaalne Intelligentsus:<\/strong> Paranda otsustusv\u00f5imet ja t\u00f6\u00f6alaseid suhteid.\u00a0<span style=\"color: #a291ff;\">1:00<\/span><\/p>\n<p><strong>\ud83d\udd18 Visioonist Tegudeni: <\/strong>T\u00f5husad strateegiad eesm\u00e4rkide saavutamiseks.\u00a0<span style=\"color: #a291ff;\">2:00<\/span><\/p>\n\n\t\t<\/div>\n\t<\/div>\n<div class=\"vc_empty_space\" id=\"thb-empty-space-69eced74ea750\"  style=\"height: 30px\" ><span class=\"vc_empty_space_inner\"><\/span><\/div>\n<\/div><\/div><\/div><\/div><div data-midnight=\"dark-title\" class=\"row wpb_row row-fluid\"><div class=\"wpb_column columns medium-12 thb-dark-column small-12\"><div class=\"vc_column-inner\"><div class=\"wpb_wrapper\">\n\t<div class=\"wpb_text_column wpb_content_element   vc_custom_1743005669906\">\n\t\t<div class=\"wpb_wrapper\">\n\t\t\t<h3><span style=\"color: #a291ff;\">03. Time Mastery: Muuda aeg oma s\u00f5braks<\/span><\/h3>\n<p>Aidates meeskondadel t\u00f6\u00f6tada targemalt, mitte rohkem.\u00a0Omanda ajajuhtimise strateegiad, et suurendada keskendumisv\u00f5imet, t\u00f5sta efektiivsust ja v\u00e4hendada stressi. Osalejad \u00f5pivad seadma prioriteete, j\u00e4lgima oma aega ja kujundama harjumusi, mis parandavad tulemuslikkust.<\/p>\n<p><strong>\ud83d\udd18 Aja Hackimine: <\/strong>Planeerimine ja aja kontrolli alla saamine.\u00a0<span style=\"color: #a291ff;\">1:30<\/span><\/p>\n<p><strong>\ud83d\udd18 Tootlikkuse Anal\u00fc\u00fcs: <\/strong>Aja kasutamise m\u00f5\u00f5tmine, j\u00e4lgimine ja parandamine.\u00a0<span style=\"color: #a291ff;\">1:30<\/span><\/p>\n<p><strong>\ud83d\udd18 Fookustreening: <\/strong>Keskendumise tugevdamine ja t\u00f5hususe maksimeerimine.\u00a0<span style=\"color: #a291ff;\">1:30<\/span><\/p>\n\n\t\t<\/div>\n\t<\/div>\n<div class=\"vc_empty_space\" id=\"thb-empty-space-69eced74ea895\"  style=\"height: 30px\" ><span class=\"vc_empty_space_inner\"><\/span><\/div>\n<\/div><\/div><\/div><\/div><div data-midnight=\"dark-title\" class=\"row wpb_row row-fluid vc_custom_1747226317356 row-has-fill\"><div class=\"wpb_column columns medium-12 thb-dark-column small-12\"><div class=\"vc_column-inner\"><div class=\"wpb_wrapper\">\n\t<div class=\"wpb_text_column wpb_content_element   vc_custom_1747227182918\">\n\t\t<div class=\"wpb_wrapper\">\n\t\t\t<h3><span style=\"color: #a291ff;\">04. Inner Work\u2122: i<span class=\"_fadeIn_m1hgl_8\">nimlik <\/span><span class=\"_fadeIn_m1hgl_8\">pool <\/span><span class=\"_fadeIn_m1hgl_8\">k\u00f5rgest <\/span><span class=\"_fadeIn_m1hgl_8\">tulemuslikkusest<\/span><\/span><\/h3>\n<p>Ainulaadne programm, mis \u00fchendab erinevad enesearengu raamistikud\u2014sh Inner Development Goals ja Human Design\u2014et toetada eneseteadlikkust, koost\u00f6\u00f6d ja kohanemisv\u00f5imelist juhtimist. Iga sessioon sisaldab isiklikke hinnanguid, grupit\u00f6id ja eesm\u00e4rkide seadmist.<\/p>\n<p><strong>\ud83d\udd18 Suhe iseendaga &amp; otsustamine:<\/strong> Eneseteadlikkuse ja autentsuse arendamine, et parandada otsustusprotsessi.\u00a0<span style=\"color: #a291ff;\">4:00<\/span><\/p>\n<p><strong>\ud83d\udd18 M\u00f5tlemine, perspektiiv &amp; kognitiivsed oskused suhtluses:<\/strong> Erinevate m\u00f5ttemustrite ja visioonide m\u00f5istmine meeskonnas parema suhtluse saavutamiseks.\u00a0<span style=\"color: #a291ff;\">4:00<\/span><\/p>\n<p><strong>\ud83d\udd18 Empaatiaoskused &amp; t\u00f6\u00f6alased suhted: <\/strong>Arenda oskusi toetavate suhete loomiseks ning m\u00f5ista individuaalseid erinevusi empaatiavaldkonnas.\u00a0<span style=\"color: #a291ff;\">4:00<\/span><\/p>\n<p><strong>\ud83d\udd18 Sotsiaalsed oskused &amp; m\u00f5ju meeskonnat\u00f6\u00f6s v\u00f5i juhtimises: <\/strong>Paranda koost\u00f6\u00f6oskusi ning m\u00f5ista, kuidas individuaalsed tugevused m\u00f5jutavad meeskonna d\u00fcnaamikat.\u00a0<span style=\"color: #a291ff;\">4:00<\/span><\/p>\n<p><strong>\ud83d\udd18 Muutuste loomine &amp; t\u00f6\u00f6 arhet\u00fc\u00fcpidega: <\/strong>\u00d5pi oskusi, mis suurendavad vastupidavust muutustele ja uurivad individuaalseid t\u00f6\u00f6stiile t\u00f6\u00f6keskkonnas.\u00a0<span style=\"color: #a291ff;\">4:00<\/span><\/p>\n\n\t\t<\/div>\n\t<\/div>\n<div class=\"vc_empty_space\" id=\"thb-empty-space-69eced74eaaa5\"  style=\"height: 30px\" ><span class=\"vc_empty_space_inner\"><\/span><\/div>\n<div style=\"font-size: 2em;color: #a291ff;line-height: 1.4em;text-align: center\" class=\"vc_custom_heading vc_do_custom_heading\" >Investeerimine koolitusse t\u00e4hendab investeerimist inimestesse\u2014ja inimesed on iga ettev\u00f5tte edu alus.<\/div><div class=\"vc_empty_space\" id=\"thb-empty-space-69eced74eaaf9\"  style=\"height: 15px\" ><span class=\"vc_empty_space_inner\"><\/span><\/div>\n\t<a class=\"btn thb-pill-style full accent   large\" href=\"#book\" target=\"_self\" role=\"button\" title=\"Broneeri tasuta konsultatsioon\"><span>Broneeri tasuta konsultatsioon<\/span><\/a>\n\n\t<div class=\"vc_empty_space\" id=\"thb-empty-space-69eced74eab21\"  style=\"height: 60px\" ><span class=\"vc_empty_space_inner\"><\/span><\/div>\n<\/div><\/div><\/div><\/div><section id=\"coaching\" class=\"vc_section vc_custom_1742486706998 vc_section-has-fill\"><div data-midnight=\"dark-title\" class=\"row wpb_row row-fluid\"><div class=\"wpb_column columns medium-12 thb-dark-column small-12\"><div class=\"vc_column-inner\"><div class=\"wpb_wrapper\"><div class=\"vc_empty_space\" id=\"thb-empty-space-69eced74eac37\"  style=\"height: 60px\" ><span class=\"vc_empty_space_inner\"><\/span><\/div>\n<h2 style=\"font-size: 3em;color: #333300;line-height: 1.4em;text-align: left\" class=\"vc_custom_heading vc_do_custom_heading\" >Team &amp; Leadership Coaching<\/h2><div class=\"vc_empty_space\" id=\"thb-empty-space-69eced74eac86\"  style=\"height: 30px\" ><span class=\"vc_empty_space_inner\"><\/span><\/div>\n\n\t<div class=\"wpb_text_column wpb_content_element\">\n\t\t<div class=\"wpb_wrapper\">\n\t\t\t<p>Coaching on d\u00fcnaamiline protsess, mis toetab juhte ja meeskondi <strong>v\u00e4ljakutsetega toimetulekul, tulemuste parandamisel ja \u00e4rieesm\u00e4rkide saavutamisel.<\/strong> Erinevalt konsultatsioonist v\u00f5i teraapiast aitab coaching inimestel arendada <strong>j\u00e4tkusuutlikke lahendusi strateegilise refleksiooni, sihip\u00e4raste k\u00fcsimuste ja praktiliste tegevusplaanide kaudu.<\/strong><\/p>\n<p><strong>Aitan meeskondi ja juhte:<\/strong><\/p>\n<p><strong>\u2714\ufe0f<\/strong> Seada ja saavutada eesm\u00e4rke (isiklikud, ametialased ja juhtimisalased)<\/p>\n<p><strong>\u2714\ufe0f<\/strong> Arendada tugevamaid suhtlemis- ja avaliku esinemise oskusi<\/p>\n<p><strong>\u2714\ufe0f<\/strong> Parandada m\u00f5tteviisi, keskendumist ja motivatsiooni<\/p>\n<p><strong>\u2714\ufe0f<\/strong> Luua t\u00f6\u00f6- ja eraelu tasakaalu, mis toetab tulemuslikkust<\/p>\n\n\t\t<\/div>\n\t<\/div>\n<div class=\"vc_empty_space\" id=\"thb-empty-space-69eced74ead27\"  style=\"height: 30px\" ><span class=\"vc_empty_space_inner\"><\/span><\/div>\n\t<a class=\"btn thb-pill-style full    regular\" href=\"#book\" target=\"_self\" role=\"button\" title=\"Broneeri tasuta konsultatsioon\"><span>Broneeri tasuta konsultatsioon<\/span><\/a>\n\n\t<div class=\"vc_empty_space\" id=\"thb-empty-space-69eced74ead49\"  style=\"height: 30px\" ><span class=\"vc_empty_space_inner\"><\/span><\/div>\n<\/div><\/div><\/div><\/div><\/section><section class=\"vc_section vc_custom_1742486700518 vc_section-has-fill\"><div id=\"book\" data-midnight=\"light-title\" class=\"row wpb_row row-fluid\"><div class=\"wpb_column columns medium-12 thb-light-column small-12\"><div class=\"vc_column-inner\"><div class=\"wpb_wrapper\"><div class=\"vc_empty_space\" id=\"thb-empty-space-69eced74eaeb3\"  style=\"height: 30px\" ><span class=\"vc_empty_space_inner\"><\/span><\/div>\n<div style=\"font-size: 1.5em;color: #A291FF;line-height: 1.4em;text-align: center\" class=\"vc_custom_heading vc_do_custom_heading\" >Soovid oma inimesi p\u00e4riselt toetada? Loome koos koolitusplaani, mis sobitub teie eesm\u00e4rkide ja kultuuriga.<\/div><div class=\"vc_empty_space\" id=\"thb-empty-space-69eced74eaf0e\"  style=\"height: 15px\" ><span class=\"vc_empty_space_inner\"><\/span><\/div>\n<h2 style=\"font-size: 2em;color: #FFFFFF;line-height: 1.4em;text-align: center\" class=\"vc_custom_heading vc_do_custom_heading\" >Broneeri tasuta konsultatsioon juba t\u00e4na, et arutada, milline programm sobib su ettev\u00f5ttele k\u00f5ige paremini.<\/h2><div class=\"vc_empty_space\" id=\"thb-empty-space-69eced74eaf57\"  style=\"height: 30px\" ><span class=\"vc_empty_space_inner\"><\/span><\/div>\n\n\t<div class=\"wpb_raw_code wpb_raw_html wpb_content_element\" id=\"booking\">\n\t\t<div class=\"wpb_wrapper\">\n\t\t\t<iframe src=\"https:\/\/app.simplymeet.me\/gretemerlyn\/business?is_widget=1&view=compact&specific-meeting-type=1\" style=\"width:100%; height:850px;\" frameborder=\"0\" scrolling=\"yes\"><\/iframe>\n\t\t<\/div>\n\t<\/div>\n<div class=\"vc_empty_space\" id=\"thb-empty-space-69eced74eafa9\"  style=\"height: 30px\" ><span class=\"vc_empty_space_inner\"><\/span><\/div>\n\n\t<div class=\"wpb_text_column wpb_content_element\">\n\t\t<div class=\"wpb_wrapper\">\n\t\t\t<p style=\"text-align: center;\"><span style=\"color: #ffffff;\"><a href=\"https:\/\/www.gretemerlyn.com\/ee\/individual\/\">Kas sind huvitab see ka isiklikust vaatenurgast?<\/a><\/span><\/p>\n\n\t\t<\/div>\n\t<\/div>\n<div class=\"vc_empty_space\" id=\"thb-empty-space-69eced74eafe3\"  style=\"height: 30px\" ><span class=\"vc_empty_space_inner\"><\/span><\/div>\n\n\t<div class=\"wpb_raw_code wpb_raw_html wpb_content_element\" >\n\t\t<div class=\"wpb_wrapper\">\n\t\t\t<style>.moon{fill:var(--accent);}<\/style>\n<svg xmlns=\"http:\/\/www.w3.org\/2000\/svg\" viewbox=\"0 0 744.87 63.91\" style=\"width: 200px; display: block;margin:3 auto;\">\n<circle cx=\"372.43\" cy=\"31.95\" r=\"31.95\" transform=\"translate(204.72 366.02) rotate(-68.25)\" class=\"moon\"\/>\n<path d=\"M625.92,0c-4.62,0-8.99,1.02-12.95,2.79,11.18,4.98,19,16.14,19,29.16s-7.82,24.19-19,29.16c3.97,1.77,8.33,2.79,12.95,2.79,17.65,0,31.95-14.31,31.95-31.95s-14.31-31.95-31.95-31.95Z\" class=\"moon\"\/>\n<path d=\"M712.92,0c-4.12,0-8.02,.84-11.63,2.26,13.8,2.86,24.18,15.08,24.18,29.74s-10.31,26.78-24.05,29.69c3.58,1.38,7.43,2.22,11.49,2.22,17.65,0,31.95-14.31,31.95-31.95s-14.31-31.95-31.95-31.95Z\" class=\"moon\"\/>\n<path d=\"M118.95,63.91c4.62,0,8.99-1.02,12.95-2.79-11.18-4.98-19-16.14-19-29.16s7.82-24.19,19-29.16c-3.97-1.77-8.33-2.79-12.95-2.79-17.65,0-31.95,14.31-31.95,31.95s14.31,31.95,31.95,31.95Z\" class=\"moon\"\/>\n<path d=\"M31.95,63.91c4.12,0,8.02-.84,11.63-2.26-13.8-2.86-24.18-15.08-24.18-29.74S29.71,5.13,43.45,2.22c-3.58-1.38-7.43-2.22-11.49-2.22C14.31,0,0,14.31,0,31.95s14.31,31.95,31.95,31.95Z\" class=\"moon\"\/>\n<path d=\"M300.21,31.95c0-9.6,4.32-18.1,11.01-23.96-5.62-4.92-12.89-7.99-20.94-7.99-17.65,0-31.95,14.31-31.95,31.95s14.31,31.95,31.95,31.95c8.05,0,15.32-3.08,20.94-7.99-6.7-5.86-11.01-14.36-11.01-23.96Z\" class=\"moon\"\/>\n<path d=\"M206.41,31.95c0-11.44,6.07-21.41,15.11-27.05-4.9-3.06-10.64-4.9-16.85-4.9-17.65,0-31.95,14.31-31.95,31.95s14.31,31.95,31.95,31.95c6.2,0,11.94-1.84,16.85-4.9-9.04-5.64-15.11-15.61-15.11-27.05Z\" class=\"moon\"\/>\n<path d=\"M444.66,31.95c0,9.6-4.32,18.1-11.01,23.96,5.62,4.92,12.89,7.99,20.94,7.99,17.65,0,31.95-14.31,31.95-31.95S472.24,0,454.59,0c-8.05,0-15.32,3.08-20.94,7.99,6.7,5.86,11.01,14.36,11.01,23.96Z\" class=\"moon\"\/>\n<path d=\"M538.46,31.95c0,11.44-6.07,21.41-15.11,27.05,4.9,3.06,10.64,4.9,16.85,4.9,17.65,0,31.95-14.31,31.95-31.95s-14.31-31.95-31.95-31.95c-6.2,0-11.94,1.84-16.85,4.9,9.04,5.64,15.11,15.61,15.11,27.05Z\" class=\"moon\"\/><\/svg>\n\t\t<\/div>\n\t<\/div>\n<div class=\"vc_empty_space\" id=\"thb-empty-space-69eced74eb01f\"  style=\"height: 30px\" ><span class=\"vc_empty_space_inner\"><\/span><\/div>\n<\/div><\/div><\/div><\/div><\/section>","protected":false},"excerpt":{"rendered":"Better Business Starts Here. Practical, fun and personalized training and coaching programs to strengthen performance, communication, and culture\u2014from the inside out. Teen koost\u00f6\u00f6d ettev\u00f5tete ja organisatsioonidega, et arendada teadlikke juhte, motiveeritud t\u00f6\u00f6tajaid ja t\u00f6\u00f6\u00f5hkkonda, mis toetab nii tulemuslikkust kui ka heaolu.\u00a0Minu koolitus- ja coaching-programmid pakuvad praktilisi t\u00f6\u00f6riistu motivatsiooni, suhtluse ja tulemuslikkuse parandamiseks. Iga programm on&hellip;","protected":false},"author":1,"featured_media":2605,"parent":0,"menu_order":0,"comment_status":"closed","ping_status":"closed","template":"","meta":{"_glsr_average":0,"_glsr_ranking":0,"_glsr_reviews":0,"footnotes":""},"class_list":["post-2680","page","type-page","status-publish","has-post-thumbnail","hentry"],"_links":{"self":[{"href":"https:\/\/www.gretemerlyn.com\/ee\/wp-json\/wp\/v2\/pages\/2680","targetHints":{"allow":["GET"]}}],"collection":[{"href":"https:\/\/www.gretemerlyn.com\/ee\/wp-json\/wp\/v2\/pages"}],"about":[{"href":"https:\/\/www.gretemerlyn.com\/ee\/wp-json\/wp\/v2\/types\/page"}],"author":[{"embeddable":true,"href":"https:\/\/www.gretemerlyn.com\/ee\/wp-json\/wp\/v2\/users\/1"}],"replies":[{"embeddable":true,"href":"https:\/\/www.gretemerlyn.com\/ee\/wp-json\/wp\/v2\/comments?post=2680"}],"version-history":[{"count":0,"href":"https:\/\/www.gretemerlyn.com\/ee\/wp-json\/wp\/v2\/pages\/2680\/revisions"}],"wp:featuredmedia":[{"embeddable":true,"href":"https:\/\/www.gretemerlyn.com\/ee\/wp-json\/wp\/v2\/media\/2605"}],"wp:attachment":[{"href":"https:\/\/www.gretemerlyn.com\/ee\/wp-json\/wp\/v2\/media?parent=2680"}],"curies":[{"name":"wp","href":"https:\/\/api.w.org\/{rel}","templated":true}]}}