{"id":2523,"date":"2024-05-10T18:07:18","date_gmt":"2024-05-10T16:07:18","guid":{"rendered":"https:\/\/www.gretemerlyn.it\/?page_id=2523"},"modified":"2025-03-12T17:55:01","modified_gmt":"2025-03-12T16:55:01","slug":"inner-work","status":"publish","type":"page","link":"https:\/\/www.gretemerlyn.com\/ee\/inner-work\/","title":{"rendered":"Inner Work"},"content":{"rendered":"<section class=\"vc_section vc_custom_1678975737242 vc_section-has-fill\"><div data-midnight=\"dark-title\" class=\"row wpb_row row-fluid vc_custom_1678373765014 row-o-content-middle row-flex\"><div class=\"wpb_column columns medium-12 thb-dark-column small-12\"><div class=\"vc_column-inner\"><div class=\"wpb_wrapper\"><div class=\"vc_empty_space\" id=\"thb-empty-space-69f5d4c9828b1\"  style=\"height: 240px\" ><span class=\"vc_empty_space_inner\"><\/span><\/div>\n<style>\n\t@media screen and (max-width: 640px) {\n\t\t#thb-empty-space-69f5d4c9828b1 {\n\t\t\theight: 120px !important;\n\t\t}\n\t}\n<\/style>\n\t<h1 style=\"color: #333300;text-align: center\" class=\"vc_custom_heading vc_do_custom_heading\" >Inner Work by Grete Merlyn<\/h1><div style=\"font-size: 2em;color: #333300;text-align: center\" class=\"vc_custom_heading vc_do_custom_heading\" >Eneseteadlikkuse koolitus meeskondadele.<\/div><div class=\"vc_empty_space\" id=\"thb-empty-space-69f5d4c9829be\"  style=\"height: 30px\" ><span class=\"vc_empty_space_inner\"><\/span><\/div>\n<div style=\"font-size: 1.5em;color: #333300;line-height: 1.4em;text-align: center\" class=\"vc_custom_heading vc_do_custom_heading\" >See koosneb viiest seminarist, mille eesm\u00e4rk on avada olulised arutelud j\u00e4tkusuutliku arengu oskuste ja individuaalsete erinevuste teemal.<\/div><div class=\"vc_empty_space\" id=\"thb-empty-space-69f5d4c982a10\"  style=\"height: 30px\" ><span class=\"vc_empty_space_inner\"><\/span><\/div>\n\n\t<div class=\"wpb_text_column wpb_content_element\">\n\t\t<div class=\"wpb_wrapper\">\n\t\t\t<div>\n<p style=\"text-align: center;\">Too oma firmasse<strong> eneseareng, kaasamisalgatused ning organisatsiooni ja meeskonna siseste suhete parandamine.<\/strong> Kui su ettev\u00f5te liigub j\u00e4tkusuutlikkuse suunas, on see h\u00e4davajalik.<\/p>\n<\/div>\n\n\t\t<\/div>\n\t<\/div>\n<div class=\"vc_empty_space\" id=\"thb-empty-space-69f5d4c982a78\"  style=\"height: 30px\" ><span class=\"vc_empty_space_inner\"><\/span><\/div>\n\n\t<div class=\"wpb_raw_code wpb_raw_html wpb_content_element\" >\n\t\t<div class=\"wpb_wrapper\">\n\t\t\t<style>.moon{fill:var(--accent);}<\/style>\n<svg xmlns=\"http:\/\/www.w3.org\/2000\/svg\" viewbox=\"0 0 744.87 63.91\" style=\"width: 200px; display: block;margin:3 auto;\">\n<circle cx=\"372.43\" cy=\"31.95\" r=\"31.95\" transform=\"translate(204.72 366.02) rotate(-68.25)\" class=\"moon\"\/>\n<path d=\"M625.92,0c-4.62,0-8.99,1.02-12.95,2.79,11.18,4.98,19,16.14,19,29.16s-7.82,24.19-19,29.16c3.97,1.77,8.33,2.79,12.95,2.79,17.65,0,31.95-14.31,31.95-31.95s-14.31-31.95-31.95-31.95Z\" class=\"moon\"\/>\n<path d=\"M712.92,0c-4.12,0-8.02,.84-11.63,2.26,13.8,2.86,24.18,15.08,24.18,29.74s-10.31,26.78-24.05,29.69c3.58,1.38,7.43,2.22,11.49,2.22,17.65,0,31.95-14.31,31.95-31.95s-14.31-31.95-31.95-31.95Z\" class=\"moon\"\/>\n<path d=\"M118.95,63.91c4.62,0,8.99-1.02,12.95-2.79-11.18-4.98-19-16.14-19-29.16s7.82-24.19,19-29.16c-3.97-1.77-8.33-2.79-12.95-2.79-17.65,0-31.95,14.31-31.95,31.95s14.31,31.95,31.95,31.95Z\" class=\"moon\"\/>\n<path d=\"M31.95,63.91c4.12,0,8.02-.84,11.63-2.26-13.8-2.86-24.18-15.08-24.18-29.74S29.71,5.13,43.45,2.22c-3.58-1.38-7.43-2.22-11.49-2.22C14.31,0,0,14.31,0,31.95s14.31,31.95,31.95,31.95Z\" class=\"moon\"\/>\n<path d=\"M300.21,31.95c0-9.6,4.32-18.1,11.01-23.96-5.62-4.92-12.89-7.99-20.94-7.99-17.65,0-31.95,14.31-31.95,31.95s14.31,31.95,31.95,31.95c8.05,0,15.32-3.08,20.94-7.99-6.7-5.86-11.01-14.36-11.01-23.96Z\" class=\"moon\"\/>\n<path d=\"M206.41,31.95c0-11.44,6.07-21.41,15.11-27.05-4.9-3.06-10.64-4.9-16.85-4.9-17.65,0-31.95,14.31-31.95,31.95s14.31,31.95,31.95,31.95c6.2,0,11.94-1.84,16.85-4.9-9.04-5.64-15.11-15.61-15.11-27.05Z\" class=\"moon\"\/>\n<path d=\"M444.66,31.95c0,9.6-4.32,18.1-11.01,23.96,5.62,4.92,12.89,7.99,20.94,7.99,17.65,0,31.95-14.31,31.95-31.95S472.24,0,454.59,0c-8.05,0-15.32,3.08-20.94,7.99,6.7,5.86,11.01,14.36,11.01,23.96Z\" class=\"moon\"\/>\n<path d=\"M538.46,31.95c0,11.44-6.07,21.41-15.11,27.05,4.9,3.06,10.64,4.9,16.85,4.9,17.65,0,31.95-14.31,31.95-31.95s-14.31-31.95-31.95-31.95c-6.2,0-11.94,1.84-16.85,4.9,9.04,5.64,15.11,15.61,15.11,27.05Z\" class=\"moon\"\/><\/svg>\n\t\t<\/div>\n\t<\/div>\n<div class=\"vc_empty_space\" id=\"thb-empty-space-69f5d4c982ad4\"  style=\"height: 60px\" ><span class=\"vc_empty_space_inner\"><\/span><\/div>\n<\/div><\/div><\/div><\/div><\/section><div id=\"start\" data-midnight=\"dark-title\" class=\"row wpb_row row-fluid vc_custom_1678374108166 row-o-content-middle row-flex\"><div class=\"wpb_column columns medium-12 thb-dark-column small-12\"><div class=\"vc_column-inner\"><div class=\"wpb_wrapper\"><div class=\"vc_empty_space\" id=\"thb-empty-space-69f5d4c982c1b\"  style=\"height: 120px\" ><span class=\"vc_empty_space_inner\"><\/span><\/div>\n<h2 style=\"color: #a291ff;line-height: 1.4em;text-align: center\" class=\"vc_custom_heading vc_do_custom_heading\" >5 sessiooni, \u00fcks n\u00e4dalas<\/h2><div class=\"vc_empty_space\" id=\"thb-empty-space-69f5d4c982c7c\"  style=\"height: 30px\" ><span class=\"vc_empty_space_inner\"><\/span><\/div>\n<div class=\"row wpb_row vc_inner row-fluid row-o-content-middle row-flex\"><div class=\"wpb_column columns medium-6 thb-dark-column small-12\"><div class=\"vc_column-inner\"><div class=\"wpb_wrapper\"><div style=\"font-size: 1.5em;color: #333300;line-height: 1.4em;text-align: left\" class=\"vc_custom_heading vc_do_custom_heading\" >Iga sessiooni juhatab sisse \u00fcks Inner Development Goals oskustest.<\/div><div class=\"vc_empty_space\" id=\"thb-empty-space-69f5d4c982de9\"  style=\"height: 30px\" ><span class=\"vc_empty_space_inner\"><\/span><\/div>\n\n\t<div class=\"wpb_text_column wpb_content_element\">\n\t\t<div class=\"wpb_wrapper\">\n\t\t\t<p>L\u00e4bi <a href=\"https:\/\/www.innerdevelopmentgoals.org\/\" target=\"_blank\" rel=\"noopener nofollow\">Inner Development Goals<\/a> (IDG-d) uurime ja m\u00f5\u00f5dame nii individuaalsete kui ka kollektiivsete oskuste taset, mis on vajalikud, et edukalt t\u00f6\u00f6tada keeruliste probleemidega (nt 17 s\u00e4\u00e4stva arengu eesm\u00e4rki; muutused \/ kriisiolukorrad; ettev\u00f5tluskultuur). <strong>See on ideaalne algus, et avada t\u00f6\u00f6 kasvu ja oluliste vestluste suunas.<\/strong><\/p>\n\n\t\t<\/div>\n\t<\/div>\n<div class=\"vc_empty_space\" id=\"thb-empty-space-69f5d4c982e2c\"  style=\"height: 30px\" ><span class=\"vc_empty_space_inner\"><\/span><\/div>\n<\/div><\/div><\/div><div class=\"wpb_column columns medium-6 thb-dark-column small-12\"><div class=\"vc_column-inner\"><div class=\"wpb_wrapper\">\n\t<div  class=\"wpb_single_image wpb_content_element vc_align_center wpb_content_element\">\n\t\t\n\t\t<figure class=\"wpb_wrapper vc_figure\">\n\t\t\t<a class=\"vc_single_image-wrapper   vc_box_border_grey\" data-lightbox=\"lightbox[rel-2523-655060475]\" href=\"https:\/\/www.gretemerlyn.com\/wp-content\/uploads\/IDG-Framework-1-1536x864-1-1024x576.webp\" target=\"_self\"><img loading=\"lazy\" decoding=\"async\" width=\"1536\" height=\"864\" src=\"https:\/\/www.gretemerlyn.com\/wp-content\/uploads\/IDG-Framework-1-1536x864-1.webp\" class=\"vc_single_image-img attachment-full\" alt=\"\" title=\"IDG raamistik\" srcset=\"https:\/\/www.gretemerlyn.com\/wp-content\/uploads\/IDG-Framework-1-1536x864-1.webp 1536w, https:\/\/www.gretemerlyn.com\/wp-content\/uploads\/IDG-Framework-1-1536x864-1-1024x576.webp 1024w, https:\/\/www.gretemerlyn.com\/wp-content\/uploads\/IDG-Framework-1-1536x864-1-768x432.webp 768w, https:\/\/www.gretemerlyn.com\/wp-content\/uploads\/IDG-Framework-1-1536x864-1-18x10.webp 18w, https:\/\/www.gretemerlyn.com\/wp-content\/uploads\/IDG-Framework-1-1536x864-1-640x360.webp 640w, https:\/\/www.gretemerlyn.com\/wp-content\/uploads\/IDG-Framework-1-1536x864-1-20x11.webp 20w, https:\/\/www.gretemerlyn.com\/wp-content\/uploads\/IDG-Framework-1-1536x864-1-320x180.webp 320w, https:\/\/www.gretemerlyn.com\/wp-content\/uploads\/IDG-Framework-1-1536x864-1-1280x720.webp 1280w, https:\/\/www.gretemerlyn.com\/wp-content\/uploads\/IDG-Framework-1-1536x864-1-600x338.webp 600w\" sizes=\"auto, (max-width: 1536px) 100vw, 1536px\" \/><\/a>\n\t\t<\/figure>\n\t<\/div>\n<\/div><\/div><\/div><\/div><div class=\"vc_empty_space\" id=\"thb-empty-space-69f5d4c983208\"  style=\"height: 120px\" ><span class=\"vc_empty_space_inner\"><\/span><\/div>\n<div class=\"row wpb_row vc_inner row-fluid row-o-content-middle row-flex\"><div class=\"wpb_column columns medium-6 thb-dark-column small-12\"><div class=\"vc_column-inner\"><div class=\"wpb_wrapper\"><div style=\"font-size: 1.5em;color: #333300;line-height: 1.4em;text-align: left\" class=\"vc_custom_heading vc_do_custom_heading\" >Sellele j\u00e4rgneb p\u00f5hjalikum individuaalne ja r\u00fchmat\u00f6\u00f6.<\/div><div class=\"vc_empty_space\" id=\"thb-empty-space-69f5d4c9832e4\"  style=\"height: 30px\" ><span class=\"vc_empty_space_inner\"><\/span><\/div>\n\n\t<div class=\"wpb_text_column wpb_content_element\">\n\t\t<div class=\"wpb_wrapper\">\n\t\t\t<p>Human Design'i abil s\u00fcveneme <strong>individuaalsetesse erinevustesse<\/strong> eesm\u00e4rgiga <strong>m\u00f5ista paremini iseennast, meie k\u00e4itumist ja inimesi, kellega me t\u00f6\u00f6tame.<\/strong> Siin uurime meie erinevusi otsuste tegemisel, m\u00f5tlemisviisides, vajadustes, suhtlemisviisides, loomulikes oskustes ja tugevustes, meie m\u00f5jus teistele ja kohanemisv\u00f5imetes.<\/p>\n\n\t\t<\/div>\n\t<\/div>\n<div class=\"vc_empty_space\" id=\"thb-empty-space-69f5d4c983324\"  style=\"height: 30px\" ><span class=\"vc_empty_space_inner\"><\/span><\/div>\n<\/div><\/div><\/div><div class=\"wpb_column columns medium-6 thb-dark-column small-12\"><div class=\"vc_column-inner\"><div class=\"wpb_wrapper\">\n\t<div  class=\"wpb_single_image wpb_content_element vc_align_center wpb_content_element\">\n\t\t\n\t\t<figure class=\"wpb_wrapper vc_figure\">\n\t\t\t<a class=\"vc_single_image-wrapper vc_box_rounded  vc_box_border_grey\" data-lightbox=\"lightbox[rel-2523-1844836215]\" href=\"https:\/\/www.gretemerlyn.com\/wp-content\/uploads\/0-Work-by-hd-1.jpg\" target=\"_self\"><img loading=\"lazy\" decoding=\"async\" width=\"1000\" height=\"667\" src=\"https:\/\/www.gretemerlyn.com\/wp-content\/uploads\/0-Work-by-hd-1.jpg\" class=\"vc_single_image-img attachment-full\" alt=\"\" title=\"HDesigni t\u00f6\u00f6\" srcset=\"https:\/\/www.gretemerlyn.com\/wp-content\/uploads\/0-Work-by-hd-1.jpg 1000w, https:\/\/www.gretemerlyn.com\/wp-content\/uploads\/0-Work-by-hd-1-768x512.jpg 768w, https:\/\/www.gretemerlyn.com\/wp-content\/uploads\/0-Work-by-hd-1-18x12.jpg 18w, https:\/\/www.gretemerlyn.com\/wp-content\/uploads\/0-Work-by-hd-1-640x427.jpg 640w, https:\/\/www.gretemerlyn.com\/wp-content\/uploads\/0-Work-by-hd-1-20x13.jpg 20w, https:\/\/www.gretemerlyn.com\/wp-content\/uploads\/0-Work-by-hd-1-320x213.jpg 320w, https:\/\/www.gretemerlyn.com\/wp-content\/uploads\/0-Work-by-hd-1-600x400.jpg 600w\" sizes=\"auto, (max-width: 1000px) 100vw, 1000px\" \/><\/a>\n\t\t<\/figure>\n\t<\/div>\n<\/div><\/div><\/div><\/div><div class=\"vc_empty_space\" id=\"thb-empty-space-69f5d4c9835a8\"  style=\"height: 120px\" ><span class=\"vc_empty_space_inner\"><\/span><\/div>\n<div class=\"row wpb_row vc_inner row-fluid row-o-content-middle row-flex\"><div class=\"wpb_column columns medium-6 thb-dark-column small-12\"><div class=\"vc_column-inner\"><div class=\"wpb_wrapper\"><div style=\"font-size: 1.5em;color: #333300;line-height: 1.4em;text-align: left\" class=\"vc_custom_heading vc_do_custom_heading\" >Ja l\u00f5petame kindlate eesm\u00e4rkidega.<\/div><div class=\"vc_empty_space\" id=\"thb-empty-space-69f5d4c983671\"  style=\"height: 30px\" ><span class=\"vc_empty_space_inner\"><\/span><\/div>\n\n\t<div class=\"wpb_text_column wpb_content_element\">\n\t\t<div class=\"wpb_wrapper\">\n\t\t\t<p>Seansside viimane osa on selleks, et tuua muutusi. Siin anal\u00fc\u00fcsime kogu sessiooni ja selle k\u00f5ige olulisemaid osi, tuvastame praeguses kultuuris esinevad probleeme ja nende lahendamise v\u00f5imalusi.<\/p>\n<p><strong>Iga seanss l\u00f5peb plaaniga<\/strong> vajalike muudatuste suunas, et h\u00f5lbustada tervislikumat ja tugevamat ettev\u00f5tluskultuuri.<\/p>\n\n\t\t<\/div>\n\t<\/div>\n<div class=\"vc_empty_space\" id=\"thb-empty-space-69f5d4c9836b7\"  style=\"height: 30px\" ><span class=\"vc_empty_space_inner\"><\/span><\/div>\n<\/div><\/div><\/div><div class=\"wpb_column columns medium-6 thb-dark-column small-12\"><div class=\"vc_column-inner\"><div class=\"wpb_wrapper\">\n\t<div  class=\"wpb_single_image wpb_content_element vc_align_center wpb_content_element\">\n\t\t\n\t\t<figure class=\"wpb_wrapper vc_figure\">\n\t\t\t<div class=\"vc_single_image-wrapper vc_box_rounded  vc_box_border_grey\"><img loading=\"lazy\" decoding=\"async\" width=\"1000\" height=\"1000\" src=\"https:\/\/www.gretemerlyn.com\/wp-content\/uploads\/teamwork.jpg\" class=\"vc_single_image-img attachment-full\" alt=\"\" title=\"Meeskonnakoolitus\" srcset=\"https:\/\/www.gretemerlyn.com\/wp-content\/uploads\/teamwork.jpg 1000w, https:\/\/www.gretemerlyn.com\/wp-content\/uploads\/teamwork-300x300.jpg 300w, https:\/\/www.gretemerlyn.com\/wp-content\/uploads\/teamwork-150x150.jpg 150w, https:\/\/www.gretemerlyn.com\/wp-content\/uploads\/teamwork-768x768.jpg 768w, https:\/\/www.gretemerlyn.com\/wp-content\/uploads\/teamwork-12x12.jpg 12w, https:\/\/www.gretemerlyn.com\/wp-content\/uploads\/teamwork-640x640.jpg 640w, https:\/\/www.gretemerlyn.com\/wp-content\/uploads\/teamwork-320x320.jpg 320w, https:\/\/www.gretemerlyn.com\/wp-content\/uploads\/teamwork-20x20.jpg 20w, https:\/\/www.gretemerlyn.com\/wp-content\/uploads\/teamwork-600x600.jpg 600w, https:\/\/www.gretemerlyn.com\/wp-content\/uploads\/teamwork-100x100.jpg 100w\" sizes=\"auto, (max-width: 1000px) 100vw, 1000px\" \/><\/div>\n\t\t<\/figure>\n\t<\/div>\n<\/div><\/div><\/div><\/div><div class=\"vc_empty_space\" id=\"thb-empty-space-69f5d4c9838e5\"  style=\"height: 60px\" ><span class=\"vc_empty_space_inner\"><\/span><\/div>\n<\/div><\/div><\/div><\/div><div id=\"go\" data-vc-parallax=\"1.5\" data-vc-parallax-image=\"https:\/\/www.gretemerlyn.com\/wp-content\/uploads\/bg-liquid-v.jpg\" data-midnight=\"dark-title\" class=\"row wpb_row row-fluid no-row-padding full-width-row no-column-padding vc_custom_1715499384851 row-has-fill vc_general vc_parallax vc_parallax-content-moving\"><div class=\"text-center wpb_column columns medium-12 thb-dark-column small-12\"><div class=\"vc_column-inner\"><div class=\"wpb_wrapper\"><div class=\"vc_empty_space\" id=\"thb-empty-space-69f5d4c983b42\"  style=\"height: 120px\" ><span class=\"vc_empty_space_inner\"><\/span><\/div>\n<h2 style=\"font-size: 1.5em;color: #333300;text-align: center\" class=\"vc_custom_heading vc_do_custom_heading\" >Inner Work sobib suurep\u00e4raselt t\u00f6\u00f6tamiseks:<\/h2><div class=\"vc_empty_space\" id=\"thb-empty-space-69f5d4c983ba3\"  style=\"height: 30px\" ><span class=\"vc_empty_space_inner\"><\/span><\/div>\n<div class=\"vc_empty_space\" id=\"thb-empty-space-69f5d4c983bb8\"  style=\"height: 30px\" ><span class=\"vc_empty_space_inner\"><\/span><\/div>\n<div style=\"font-size: 2em;color: #ffffff;text-align: center\" class=\"vc_custom_heading vc_do_custom_heading\" >Tuua kasvu ettev\u00f5ttekultuuri<\/div><div class=\"vc_empty_space\" id=\"thb-empty-space-69f5d4c983c01\"  style=\"height: 30px\" ><span class=\"vc_empty_space_inner\"><\/span><\/div>\n<div class=\"vc_empty_space\" id=\"thb-empty-space-69f5d4c983c14\"  style=\"height: 30px\" ><span class=\"vc_empty_space_inner\"><\/span><\/div>\n<div style=\"font-size: 2em;color: #ffffff;text-align: center\" class=\"vc_custom_heading vc_do_custom_heading\" >Luua tugevamaid sidemeid meeskondades<\/div><div class=\"vc_empty_space\" id=\"thb-empty-space-69f5d4c983c57\"  style=\"height: 30px\" ><span class=\"vc_empty_space_inner\"><\/span><\/div>\n<div class=\"vc_empty_space\" id=\"thb-empty-space-69f5d4c983c68\"  style=\"height: 30px\" ><span class=\"vc_empty_space_inner\"><\/span><\/div>\n<div style=\"font-size: 2em;color: #ffffff;text-align: center\" class=\"vc_custom_heading vc_do_custom_heading\" >Luua s\u00fcgavamat \u00fchtekuuluvustunnet<\/div><div class=\"vc_empty_space\" id=\"thb-empty-space-69f5d4c983caa\"  style=\"height: 30px\" ><span class=\"vc_empty_space_inner\"><\/span><\/div>\n<div class=\"vc_empty_space\" id=\"thb-empty-space-69f5d4c983cbb\"  style=\"height: 30px\" ><span class=\"vc_empty_space_inner\"><\/span><\/div>\n<div style=\"font-size: 2em;color: #ffffff;text-align: center\" class=\"vc_custom_heading vc_do_custom_heading\" >Rohkem teadlikkust, kaasamist ja kaastunnet<\/div><div class=\"vc_empty_space\" id=\"thb-empty-space-69f5d4c983d00\"  style=\"height: 30px\" ><span class=\"vc_empty_space_inner\"><\/span><\/div>\n<div class=\"vc_empty_space\" id=\"thb-empty-space-69f5d4c983d12\"  style=\"height: 30px\" ><span class=\"vc_empty_space_inner\"><\/span><\/div>\n\t<a class=\"btn thb-pill-style   animation bottom-to-top  large\" href=\"https:\/\/app.simplymeet.me\/gretemerlyn\/workbyhd\" target=\"_blank\" role=\"button\" title=\"Broneeri meie esimene k\u00f5ne.\"><span>Broneeri meie esimene k\u00f5ne.<\/span><\/a>\n\n\t<div class=\"vc_empty_space\" id=\"thb-empty-space-69f5d4c983d3e\"  style=\"height: 30px\" ><span class=\"vc_empty_space_inner\"><\/span><\/div>\n<\/div><\/div><\/div><\/div><div data-midnight=\"dark-title\" class=\"row wpb_row row-fluid vc_custom_1678374108166 row-o-content-middle row-flex\"><div class=\"wpb_column columns medium-12 thb-dark-column small-12\"><div class=\"vc_column-inner\"><div class=\"wpb_wrapper\"><div class=\"vc_empty_space\" id=\"thb-empty-space-69f5d4c983fc2\"  style=\"height: 120px\" ><span class=\"vc_empty_space_inner\"><\/span><\/div>\n<h2 style=\"color: #a291ff;line-height: 3em;text-align: left\" class=\"vc_custom_heading vc_do_custom_heading\" >KKK<\/h2><div class=\"vc_empty_space\" id=\"thb-empty-space-69f5d4c98404d\"  style=\"height: 30px\" ><span class=\"vc_empty_space_inner\"><\/span><\/div>\n<div  class=\"vc_do_toggle vc_toggle vc_toggle_round vc_toggle_color_default vc_toggle_color_inverted vc_toggle_size_lg vc_toggle_active\"><div class=\"vc_toggle_title\"><h4>Mida sisaldavad sessioonid?<\/h4><i class=\"vc_toggle_icon\"><\/i><\/div><div class=\"vc_toggle_content\"><p><span class=\"OYPEnA text-decoration-none text-strikethrough-none\">Sessioonid sisaldavad hetki:<\/span><\/p>\n<ul>\n<li><span class=\"OYPEnA text-decoration-none text-strikethrough-none\"> enesehindamiseks<\/span>,<\/li>\n<li>r\u00fchmat\u00f6\u00f6ks,<\/li>\n<li>vestlusteks ja jagamiseks,<\/li>\n<li>probleemide lahendamiseks ja eesm\u00e4rkide seadmiseks.<\/li>\n<\/ul>\n<p>K\u00f5ik materjalid, nagu hindamislehed, kaardid ja osalejate individuaalsed graafikud, on tagatud.<\/p>\n<\/div><\/div><div class=\"vc_empty_space\" id=\"thb-empty-space-69f5d4c984329\"  style=\"height: 30px\" ><span class=\"vc_empty_space_inner\"><\/span><\/div>\n<div  class=\"vc_do_toggle vc_toggle vc_toggle_round vc_toggle_color_default vc_toggle_color_inverted vc_toggle_size_lg vc_toggle_active\"><div class=\"vc_toggle_title\"><h4>Kas treeningut saab teha veebis?<\/h4><i class=\"vc_toggle_icon\"><\/i><\/div><div class=\"vc_toggle_content\"><p class=\"translation-block\">Parem on ikka isiklikult, kuid \u00e4\u00e4rmisel juhul v\u00f5ib seda korraldada ka online.<\/p>\n<\/div><\/div><div class=\"vc_empty_space\" id=\"thb-empty-space-69f5d4c9844e3\"  style=\"height: 30px\" ><span class=\"vc_empty_space_inner\"><\/span><\/div>\n<div  class=\"vc_do_toggle vc_toggle vc_toggle_round vc_toggle_color_default vc_toggle_color_inverted vc_toggle_size_lg vc_toggle_active\"><div class=\"vc_toggle_title\"><h4>Milline on tagasiside?<\/h4><i class=\"vc_toggle_icon\"><\/i><\/div><div class=\"vc_toggle_content\"><p>Saadud \u00fchine tagasiside:<\/p>\n<ul>\n<li>Human Design \u00e4ratab t\u00e4iendavat uudishimu eneseotsinguteks.<\/li>\n<li>\u00dcllatus oluliste ja s\u00fcgavate vestluste \u00fcle.<\/li>\n<li>Individuaalne tunne \"olla teretulnud\" v\u00f5i \u201en\u00e4htud\u201c.<\/li>\n<li>Tihedamate sidemete loomine ja paremad sessioonij\u00e4rgsed suhtlemisv\u00f5imalused.<\/li>\n<\/ul>\n<p><em>M\u00e4rkus: k\u00f5ik ei ole valmis enesearenguks, ja see on okei. Inner Work on turvaline ruum k\u00f5igile.<\/em><\/p>\n<\/div><\/div><div class=\"vc_empty_space\" id=\"thb-empty-space-69f5d4c984682\"  style=\"height: 120px\" ><span class=\"vc_empty_space_inner\"><\/span><\/div>\n\t<a class=\"btn thb-pill-style full accent animation bottom-to-top  large\" href=\"https:\/\/app.simplymeet.me\/gretemerlyn\/workbyhd\" target=\"_blank\" role=\"button\" title=\"Broneeri meie esimene k\u00f5ne.\"><span>Broneeri meie esimene k\u00f5ne.<\/span><\/a>\n\n\t<div class=\"vc_empty_space\" id=\"thb-empty-space-69f5d4c9846c3\"  style=\"height: 30px\" ><span class=\"vc_empty_space_inner\"><\/span><\/div>\n<div style=\"font-size: 1.5em;color: #a291ff;line-height: 1.4em;text-align: center\" class=\"vc_custom_heading vc_do_custom_heading\" >Aita oma meeskonnal leida \u00fchendus oma v\u00f5imega ja loo tugevamaid sidemed!<\/div><div class=\"vc_empty_space\" id=\"thb-empty-space-69f5d4c98471f\"  style=\"height: 120px\" ><span class=\"vc_empty_space_inner\"><\/span><\/div>\n<div class=\"vc_separator wpb_content_element vc_separator_align_center vc_sep_width_100 vc_sep_border_width_3 vc_sep_pos_align_center vc_separator_no_text wpb_content_element  wpb_content_element\" ><span class=\"vc_sep_holder vc_sep_holder_l\"><span style=\"border-color:#A291FF;\" class=\"vc_sep_line\"><\/span><\/span><span class=\"vc_sep_holder vc_sep_holder_r\"><span style=\"border-color:#A291FF;\" class=\"vc_sep_line\"><\/span><\/span>\n<\/div><\/div><\/div><\/div><\/div><div data-midnight=\"dark-title\" class=\"row wpb_row row-fluid row-o-content-middle row-flex\"><div class=\"wpb_column columns medium-6 thb-dark-column small-12\"><div class=\"vc_column-inner\"><div class=\"wpb_wrapper\">\n\t<div  class=\"wpb_single_image wpb_content_element vc_align_center wpb_content_element\">\n\t\t\n\t\t<figure class=\"wpb_wrapper vc_figure\">\n\t\t\t<div class=\"vc_single_image-wrapper   vc_box_border_grey\"><img loading=\"lazy\" decoding=\"async\" width=\"682\" height=\"647\" src=\"https:\/\/www.gretemerlyn.com\/wp-content\/uploads\/grete.png\" class=\"vc_single_image-img attachment-full\" alt=\"\" title=\"\" srcset=\"https:\/\/www.gretemerlyn.com\/wp-content\/uploads\/grete.png 682w, https:\/\/www.gretemerlyn.com\/wp-content\/uploads\/grete-600x569.png 600w, https:\/\/www.gretemerlyn.com\/wp-content\/uploads\/grete-80x75.png 80w, https:\/\/www.gretemerlyn.com\/wp-content\/uploads\/grete-640x607.png 640w, https:\/\/www.gretemerlyn.com\/wp-content\/uploads\/grete-20x18.png 20w, https:\/\/www.gretemerlyn.com\/wp-content\/uploads\/grete-320x304.png 320w\" sizes=\"auto, (max-width: 682px) 100vw, 682px\" \/><\/div>\n\t\t<\/figure>\n\t<\/div>\n<\/div><\/div><\/div><div class=\"wpb_column columns medium-6 thb-dark-column small-12\"><div class=\"vc_column-inner\"><div class=\"wpb_wrapper\"><div class=\"vc_empty_space\" id=\"thb-empty-space-69f5d4c984b18\"  style=\"height: 10vh\" ><span class=\"vc_empty_space_inner\"><\/span><\/div>\n<h1 style=\"font-size: 2em;color: #333300;line-height: 1.2em;text-align: left\" class=\"vc_custom_heading vc_do_custom_heading vc_custom_1741798438971\" >\ud83d\udc49 Tere, ma olen Grete \u2728\ufe0f<\/h1><div class=\"vc_empty_space\" id=\"thb-empty-space-69f5d4c984b7d\"  style=\"height: 30px\" ><span class=\"vc_empty_space_inner\"><\/span><\/div>\n<h2 style=\"font-size: 1.5em;color: #333300;line-height: 1.2em;text-align: left\" class=\"vc_custom_heading vc_do_custom_heading vc_custom_1741798362715\" >Olen koolitaja, mentor, juhtimis- ja life coach, kes aitab inimestel ja meeskondadel saavutada oma eesm\u00e4rke ning arendada eneseteadlikkust.<\/h2><div class=\"vc_empty_space\" id=\"thb-empty-space-69f5d4c984bcd\"  style=\"height: 30px\" ><span class=\"vc_empty_space_inner\"><\/span><\/div>\n\t<a class=\"btn-text   style1\" href=\"https:\/\/www.gretemerlyn.com\/ee\/about\/\" target=\"_self\" role=\"button\" title=\"Rohkem infot\">\n\t\t\t\t\t\t<span>Rohkem infot<\/span>\n\t\t\t\t\t<\/a>\n\t<div class=\"vc_empty_space\" id=\"thb-empty-space-69f5d4c984bf6\"  style=\"height: 30px\" ><span class=\"vc_empty_space_inner\"><\/span><\/div>\n<\/div><\/div><\/div><\/div>","protected":false},"excerpt":{"rendered":"Inner Work by Grete MerlynSelf-awareness training course for corporate teams. This is a series of 5 workshops for opening important conversations on sustainable development skills and individual differences. These are moments that trigger personal development, inclusion initiatives and improve relationships within the organisation and team. If your company is moving towards being sustainable, this is&hellip;","protected":false},"author":1,"featured_media":2605,"parent":0,"menu_order":0,"comment_status":"closed","ping_status":"closed","template":"","meta":{"_glsr_average":0,"_glsr_ranking":0,"_glsr_reviews":0,"footnotes":""},"class_list":["post-2523","page","type-page","status-publish","has-post-thumbnail","hentry"],"_links":{"self":[{"href":"https:\/\/www.gretemerlyn.com\/ee\/wp-json\/wp\/v2\/pages\/2523","targetHints":{"allow":["GET"]}}],"collection":[{"href":"https:\/\/www.gretemerlyn.com\/ee\/wp-json\/wp\/v2\/pages"}],"about":[{"href":"https:\/\/www.gretemerlyn.com\/ee\/wp-json\/wp\/v2\/types\/page"}],"author":[{"embeddable":true,"href":"https:\/\/www.gretemerlyn.com\/ee\/wp-json\/wp\/v2\/users\/1"}],"replies":[{"embeddable":true,"href":"https:\/\/www.gretemerlyn.com\/ee\/wp-json\/wp\/v2\/comments?post=2523"}],"version-history":[{"count":0,"href":"https:\/\/www.gretemerlyn.com\/ee\/wp-json\/wp\/v2\/pages\/2523\/revisions"}],"wp:featuredmedia":[{"embeddable":true,"href":"https:\/\/www.gretemerlyn.com\/ee\/wp-json\/wp\/v2\/media\/2605"}],"wp:attachment":[{"href":"https:\/\/www.gretemerlyn.com\/ee\/wp-json\/wp\/v2\/media?parent=2523"}],"curies":[{"name":"wp","href":"https:\/\/api.w.org\/{rel}","templated":true}]}}